{"id":118,"date":"2018-09-03T17:27:00","date_gmt":"2018-09-03T15:27:00","guid":{"rendered":"https:\/\/liviucerchez.com\/castilo\/?page_id=36"},"modified":"2020-07-15T09:44:15","modified_gmt":"2020-07-15T09:44:15","slug":"about","status":"publish","type":"page","link":"https:\/\/suntbine.md\/?page_id=118","title":{"rendered":"Despre proiect"},"content":{"rendered":"\n<div class=\"wp-block-group\"><div class=\"wp-block-group__inner-container is-layout-flow wp-block-group-is-layout-flow\">\n<div class=\"centered\"> \n<p style=\"width:70%;\" class=\"has-text-align-left has-medium-font-size\">\n\n\n\n<p class=\"has-text-align-left has-normal-font-size\">\u201eSunt Bine\u201d este un podcast despre s\u0103n\u0103tatea mintal\u0103, semnat de Victoria Colesnic \u0219i Natalia Sergheev. O dat\u0103 pe lun\u0103, \u00ee\u021bi aducem pove\u0219ti adev\u0103rate, spuse de oameni ca tine, despre cele mai vulnerabile momente prin care au trecut.&nbsp;<\/p>\n\n\n\n<p class=\"has-text-align-left has-normal-font-size\">Am pornit acest proiect, fiindc\u0103 vorbim prea pu\u021bin despre s\u0103n\u0103tatea mintal\u0103, de\u0219i e o parte a fiec\u0103ruia dintre noi. S\u0103n\u0103tatea mintal\u0103 este, \u00een primul r\u00e2nd, o stare de bine. \u00censeamn\u0103 s\u0103 facem fa\u021b\u0103 stresului, s\u0103 fim productivi \u0219i s\u0103 ne bucur\u0103m de via\u021b\u0103.&nbsp;<\/p>\n\n\n\n<p class=\"has-normal-font-size\">\u00cens\u0103 vie\u021bile noastre sunt complexe \u0219i imprevizibile.&nbsp;<\/p>\n\n\n\n<p class=\"has-normal-font-size\">Ne confrunt\u0103m cu griji, pierderi \u0219i e\u0219ecuri, iar asta \u00ee\u0219i las\u0103 inevitabil amprent\u0103 asupra noastr\u0103. Uneori, aceast\u0103 amprent\u0103 este sever\u0103 \u0219i ia forma unei depresii, a unei tulbur\u0103ri de personalitate sau a unei adic\u021bii. <a href=\"https:\/\/www.who.int\/whr\/2001\/media_centre\/press_release\/en\/\">Fiecare al patrulea<\/a> dintre noi va avea o problem\u0103 de s\u0103n\u0103tate mintal\u0103 pe parcursul vie\u021bii, dar numai o treime dintre cei afecta\u021bi vor cere ajutor.\u00a0<\/p>\n\n\n\n<p class=\"has-normal-font-size\">\u0218tim c\u0103 este greu s\u0103 fim vulnerabili, dar e necesar. C\u00e2nd ne confrunt\u0103m emo\u021biile, ne \u00een\u021belegem mai bine. C\u00e2nd vorbim deschis despre ele, ne sim\u021bim mai pu\u021bin singuri.&nbsp;<\/p>\n\n\n\n<p class=\"has-normal-font-size\">Asta vom \u00eencerca s\u0103 facem cu fiecare episod \u201eSunt Bine\u201d \u2013 s\u0103 facem fireasc\u0103 discu\u021bia despre s\u0103n\u0103tatea mintal\u0103. Protagoni\u0219tii no\u0219tri sunt eroii no\u0219tri. Suntem recunosc\u0103toare fiec\u0103rui om care ne-a l\u0103sat \u00een via\u021ba lui \u0219i ne-a povestit ce a sim\u021bit.&nbsp;<\/p>\n\n\n\n<p class=\"has-normal-font-size\">Intr\u0103 \u0219i tu \u00een via\u021ba protagoni\u0219tilor no\u0219tri \u0219i afl\u0103 c\u0103 grijile tale sunt mai comune dec\u00e2t par. <\/p>\n\n\n\n<div class=\"wp-block-image\"><figure class=\"aligncenter size-large\"><img loading=\"lazy\" decoding=\"async\" width=\"199\" height=\"54\" src=\"https:\/\/suntbine.md\/wp-content\/uploads\/2020\/02\/decorative-line-black-transparent-png.png\" alt=\"\" class=\"wp-image-643\"\/><\/figure><\/div>\n\n\n\n<p>Continuitatea acestui proiect este asigurat\u0103 de <a rel=\"noreferrer noopener\" href=\"https:\/\/www.eda.admin.ch\/countries\/moldova\/en\/home\/representations\/cooperation-office.html\" target=\"_blank\">Biroul de Cooperare al Elve\u021biei \u00een Republica Moldova<\/a>. Opiniile exprimate ne apar\u021bin  \u0219i nu reflect\u0103 neap\u0103rat punctul de vedere al donatorilor. Proiectul este implementat de re\u021beaua de educatori de la egal la egal <a rel=\"noreferrer noopener\" href=\"https:\/\/www.facebook.com\/YPEERMoldova\" target=\"_blank\">Y-PEER Moldova<\/a>, care \u0219tiu cel mai bine cum s\u0103 discute cu tinerii pe subiecte sensibile. <\/p>\n\n\n\n<p>Partenerul nostru de documentare este proiectul MENSANA \u2013 \u201eSuport pentru reforma serviciilor de s\u0103n\u0103tate mintal\u0103 \u00een Moldova\u201d (mai multe detalii g\u0103se\u0219ti pe&nbsp;<a href=\"http:\/\/trimbos.md\/\">trimbos.md<\/a>). La \u00eenceput de drum, ne-au dat o m\u00e2n\u0103 de ajutor cei de la <a rel=\"noreferrer noopener\" href=\"https:\/\/soros.md\/\" target=\"_blank\">Funda\u021bia Soros-Moldova<\/a>, \u00een cadrul \u201eNew Media Incubator\u201d, proiect implementat de Influencers Hub Moldova.&nbsp;<\/p>\n\n\n\n<p>Le mul\u021bumim tuturor pentru \u00eencredere \u0219i sprijin.<\/p>\n\n\n\n<\/p>\n<\/div>\n<\/div><\/div>\n\n\n\n<p style=\"text-align:center\"><a class=\"button\" href=\"https:\/\/suntbine.md\/?page_id=116\"><span class=\"mdi mdi-music-note\"><\/span> Navigheaz\u0103 episoadele<\/a><\/p>\n","protected":false},"excerpt":{"rendered":"<p>\u201eSunt Bine\u201d este un podcast despre s\u0103n\u0103tatea mintal\u0103, semnat de Victoria Colesnic \u0219i Natalia Sergheev. O dat\u0103 pe lun\u0103, \u00ee\u021bi [&hellip;]<\/p>\n<a href=\"https:\/\/suntbine.md\/?page_id=118\" class=\"read-more\">Read more <span class=\"mdi mdi-trending-neutral\"><\/span><\/a>","protected":false},"author":1,"featured_media":447,"parent":0,"menu_order":0,"comment_status":"closed","ping_status":"closed","template":"","meta":{"footnotes":""},"class_list":["post-118","page","type-page","status-publish","has-post-thumbnail","hentry"],"acf":[],"yoast_head":"<!-- This site is optimized with the Yoast SEO plugin v21.3 - https:\/\/yoast.com\/wordpress\/plugins\/seo\/ -->\n<title>Despre proiect | Sunt Bine<\/title>\n<meta name=\"robots\" content=\"index, follow, max-snippet:-1, max-image-preview:large, max-video-preview:-1\" \/>\n<link rel=\"canonical\" href=\"https:\/\/suntbine.md\/?page_id=118\" \/>\n<meta property=\"og:locale\" content=\"ro_RO\" \/>\n<meta property=\"og:type\" content=\"article\" \/>\n<meta property=\"og:title\" content=\"Despre proiect | Sunt Bine\" \/>\n<meta property=\"og:description\" content=\"\u201eSunt Bine\u201d este un podcast despre s\u0103n\u0103tatea mintal\u0103, semnat de Victoria Colesnic \u0219i Natalia Sergheev. O dat\u0103 pe lun\u0103, \u00ee\u021bi [&hellip;]\" \/>\n<meta property=\"og:url\" content=\"https:\/\/suntbine.md\/?page_id=118\" \/>\n<meta property=\"og:site_name\" content=\"Sunt Bine\" \/>\n<meta property=\"article:publisher\" content=\"https:\/\/www.facebook.com\/suntbinepodcast\" \/>\n<meta property=\"article:modified_time\" content=\"2020-07-15T09:44:15+00:00\" \/>\n<meta property=\"og:image\" content=\"https:\/\/suntbine.md\/wp-content\/uploads\/2020\/01\/cover-image-web.jpg\" \/>\n\t<meta property=\"og:image:width\" content=\"3143\" \/>\n\t<meta property=\"og:image:height\" content=\"1770\" \/>\n\t<meta property=\"og:image:type\" content=\"image\/jpeg\" \/>\n<meta name=\"twitter:card\" content=\"summary_large_image\" \/>\n<meta name=\"twitter:label1\" content=\"Timp estimat pentru citire\" \/>\n\t<meta name=\"twitter:data1\" content=\"2 minute\" \/>\n<script type=\"application\/ld+json\" class=\"yoast-schema-graph\">{\"@context\":\"https:\/\/schema.org\",\"@graph\":[{\"@type\":\"WebPage\",\"@id\":\"https:\/\/suntbine.md\/?page_id=118\",\"url\":\"https:\/\/suntbine.md\/?page_id=118\",\"name\":\"Despre proiect | Sunt Bine\",\"isPartOf\":{\"@id\":\"https:\/\/suntbine.md\/#website\"},\"datePublished\":\"2018-09-03T15:27:00+00:00\",\"dateModified\":\"2020-07-15T09:44:15+00:00\",\"breadcrumb\":{\"@id\":\"https:\/\/suntbine.md\/?page_id=118#breadcrumb\"},\"inLanguage\":\"ro-RO\",\"potentialAction\":[{\"@type\":\"ReadAction\",\"target\":[\"https:\/\/suntbine.md\/?page_id=118\"]}]},{\"@type\":\"BreadcrumbList\",\"@id\":\"https:\/\/suntbine.md\/?page_id=118#breadcrumb\",\"itemListElement\":[{\"@type\":\"ListItem\",\"position\":1,\"name\":\"Prima pagin\u0103\",\"item\":\"https:\/\/suntbine.md\/\"},{\"@type\":\"ListItem\",\"position\":2,\"name\":\"Despre proiect\"}]},{\"@type\":\"WebSite\",\"@id\":\"https:\/\/suntbine.md\/#website\",\"url\":\"https:\/\/suntbine.md\/\",\"name\":\"Sunt Bine Podcast\",\"description\":\"Un podcast despre s\u0103n\u0103tatea mintal\u0103 \u00een Republica Moldova\",\"publisher\":{\"@id\":\"https:\/\/suntbine.md\/#organization\"},\"potentialAction\":[{\"@type\":\"SearchAction\",\"target\":{\"@type\":\"EntryPoint\",\"urlTemplate\":\"https:\/\/suntbine.md\/?s={search_term_string}\"},\"query-input\":\"required name=search_term_string\"}],\"inLanguage\":\"ro-RO\"},{\"@type\":\"Organization\",\"@id\":\"https:\/\/suntbine.md\/#organization\",\"name\":\"Sunt Bine Podcast\",\"url\":\"https:\/\/suntbine.md\/\",\"logo\":{\"@type\":\"ImageObject\",\"inLanguage\":\"ro-RO\",\"@id\":\"https:\/\/suntbine.md\/#\/schema\/logo\/image\/\",\"url\":\"https:\/\/suntbine.md\/wp-content\/uploads\/2020\/02\/logo2sizeok.png\",\"contentUrl\":\"https:\/\/suntbine.md\/wp-content\/uploads\/2020\/02\/logo2sizeok.png\",\"width\":493,\"height\":493,\"caption\":\"Sunt Bine Podcast\"},\"image\":{\"@id\":\"https:\/\/suntbine.md\/#\/schema\/logo\/image\/\"},\"sameAs\":[\"https:\/\/www.facebook.com\/suntbinepodcast\",\"https:\/\/www.instagram.com\/suntbinepodcast\/\",\"https:\/\/www.youtube.com\/channel\/UCq0NMj7pJmlEC76ICdCvI3w\"]}]}<\/script>\n<!-- \/ Yoast SEO plugin. -->","yoast_head_json":{"title":"Despre proiect | Sunt Bine","robots":{"index":"index","follow":"follow","max-snippet":"max-snippet:-1","max-image-preview":"max-image-preview:large","max-video-preview":"max-video-preview:-1"},"canonical":"https:\/\/suntbine.md\/?page_id=118","og_locale":"ro_RO","og_type":"article","og_title":"Despre proiect | Sunt Bine","og_description":"\u201eSunt Bine\u201d este un podcast despre s\u0103n\u0103tatea mintal\u0103, semnat de Victoria Colesnic \u0219i Natalia Sergheev. O dat\u0103 pe lun\u0103, \u00ee\u021bi [&hellip;]","og_url":"https:\/\/suntbine.md\/?page_id=118","og_site_name":"Sunt Bine","article_publisher":"https:\/\/www.facebook.com\/suntbinepodcast","article_modified_time":"2020-07-15T09:44:15+00:00","og_image":[{"width":3143,"height":1770,"url":"https:\/\/suntbine.md\/wp-content\/uploads\/2020\/01\/cover-image-web.jpg","type":"image\/jpeg"}],"twitter_card":"summary_large_image","twitter_misc":{"Timp estimat pentru citire":"2 minute"},"schema":{"@context":"https:\/\/schema.org","@graph":[{"@type":"WebPage","@id":"https:\/\/suntbine.md\/?page_id=118","url":"https:\/\/suntbine.md\/?page_id=118","name":"Despre proiect | Sunt Bine","isPartOf":{"@id":"https:\/\/suntbine.md\/#website"},"datePublished":"2018-09-03T15:27:00+00:00","dateModified":"2020-07-15T09:44:15+00:00","breadcrumb":{"@id":"https:\/\/suntbine.md\/?page_id=118#breadcrumb"},"inLanguage":"ro-RO","potentialAction":[{"@type":"ReadAction","target":["https:\/\/suntbine.md\/?page_id=118"]}]},{"@type":"BreadcrumbList","@id":"https:\/\/suntbine.md\/?page_id=118#breadcrumb","itemListElement":[{"@type":"ListItem","position":1,"name":"Prima pagin\u0103","item":"https:\/\/suntbine.md\/"},{"@type":"ListItem","position":2,"name":"Despre proiect"}]},{"@type":"WebSite","@id":"https:\/\/suntbine.md\/#website","url":"https:\/\/suntbine.md\/","name":"Sunt Bine Podcast","description":"Un podcast despre s\u0103n\u0103tatea mintal\u0103 \u00een Republica Moldova","publisher":{"@id":"https:\/\/suntbine.md\/#organization"},"potentialAction":[{"@type":"SearchAction","target":{"@type":"EntryPoint","urlTemplate":"https:\/\/suntbine.md\/?s={search_term_string}"},"query-input":"required name=search_term_string"}],"inLanguage":"ro-RO"},{"@type":"Organization","@id":"https:\/\/suntbine.md\/#organization","name":"Sunt Bine Podcast","url":"https:\/\/suntbine.md\/","logo":{"@type":"ImageObject","inLanguage":"ro-RO","@id":"https:\/\/suntbine.md\/#\/schema\/logo\/image\/","url":"https:\/\/suntbine.md\/wp-content\/uploads\/2020\/02\/logo2sizeok.png","contentUrl":"https:\/\/suntbine.md\/wp-content\/uploads\/2020\/02\/logo2sizeok.png","width":493,"height":493,"caption":"Sunt Bine Podcast"},"image":{"@id":"https:\/\/suntbine.md\/#\/schema\/logo\/image\/"},"sameAs":["https:\/\/www.facebook.com\/suntbinepodcast","https:\/\/www.instagram.com\/suntbinepodcast\/","https:\/\/www.youtube.com\/channel\/UCq0NMj7pJmlEC76ICdCvI3w"]}]}},"_links":{"self":[{"href":"https:\/\/suntbine.md\/index.php?rest_route=\/wp\/v2\/pages\/118","targetHints":{"allow":["GET"]}}],"collection":[{"href":"https:\/\/suntbine.md\/index.php?rest_route=\/wp\/v2\/pages"}],"about":[{"href":"https:\/\/suntbine.md\/index.php?rest_route=\/wp\/v2\/types\/page"}],"author":[{"embeddable":true,"href":"https:\/\/suntbine.md\/index.php?rest_route=\/wp\/v2\/users\/1"}],"replies":[{"embeddable":true,"href":"https:\/\/suntbine.md\/index.php?rest_route=%2Fwp%2Fv2%2Fcomments&post=118"}],"version-history":[{"count":51,"href":"https:\/\/suntbine.md\/index.php?rest_route=\/wp\/v2\/pages\/118\/revisions"}],"predecessor-version":[{"id":1173,"href":"https:\/\/suntbine.md\/index.php?rest_route=\/wp\/v2\/pages\/118\/revisions\/1173"}],"wp:featuredmedia":[{"embeddable":true,"href":"https:\/\/suntbine.md\/index.php?rest_route=\/wp\/v2\/media\/447"}],"wp:attachment":[{"href":"https:\/\/suntbine.md\/index.php?rest_route=%2Fwp%2Fv2%2Fmedia&parent=118"}],"curies":[{"name":"wp","href":"https:\/\/api.w.org\/{rel}","templated":true}]}}