{"id":119,"date":"2018-09-03T17:27:58","date_gmt":"2018-09-03T15:27:58","guid":{"rendered":"https:\/\/liviucerchez.com\/castilo\/?page_id=37"},"modified":"2022-11-18T09:36:54","modified_gmt":"2022-11-18T09:36:54","slug":"contact","status":"publish","type":"page","link":"https:\/\/suntbine.md\/?page_id=119","title":{"rendered":"Contacteaz\u0103-ne"},"content":{"rendered":"<div class=\"col-12\">\n<div class=\"row justify-content-md-center\">\n<div class=\"col-12 col-md-8 col-lg-7 text-center\">\n<h3>Ne g\u0103se\u0219ti pe mail, telefon \u0219i social media<\/h3>\n<\/div>\n<div class=\"w-100\"><\/div>\n<div class=\"col-12 col-md-10 col-lg-8 text-center\">\n<p>Trimite-ne un mesaj la emailul suntbinepodcast@gmail.com \u0219i<br \/>\nspune-ne cum \u021bi s-a p\u0103rut ultimul episod. Te rug\u0103m s\u0103 ne scrii dac\u0103 ai sugestii de pove\u0219ti sau vrei s\u0103 ne spui \u201esalut!\u201d \ud83d\ude42<\/p>\n<\/div>\n<div class=\"col-12 col-md-10 col-lg-8\">\n<div class=\"row text-center justify-content-center\">\n<div class=\"col-6 col-sm-4 col-lg-3 address-info\">\n<h5>Adres\u0103<\/h5>\n<p>Chi\u0219in\u0103u<\/p>\n<p>Republica Moldova<\/p>\n<\/div>\n<div class=\"col-6 col-sm-4 col-lg-3 address-info\">\n<h5>Telefon<\/h5>\n<p>+373 608 82 707<\/p>\n<\/div>\n<div class=\"col-6 col-sm-4 col-lg-3 address-info\">\n<h5>Email<\/h5>\n<p>suntbinepodcast@gmail.com<\/p>\n<\/div>\n<\/div>\n<\/div>\n<\/div>\n<\/div>\n","protected":false},"excerpt":{"rendered":"<p>Ne g\u0103se\u0219ti pe mail, telefon \u0219i social media Trimite-ne un mesaj la emailul suntbinepodcast@gmail.com \u0219i spune-ne cum \u021bi s-a p\u0103rut [&hellip;]<\/p>\n<a href=\"https:\/\/suntbine.md\/?page_id=119\" class=\"read-more\">Read more <span class=\"mdi mdi-trending-neutral\"><\/span><\/a>","protected":false},"author":1,"featured_media":447,"parent":0,"menu_order":0,"comment_status":"closed","ping_status":"closed","template":"","meta":{"footnotes":""},"class_list":["post-119","page","type-page","status-publish","has-post-thumbnail","hentry"],"acf":[],"yoast_head":"<!-- This site is optimized with the Yoast SEO plugin v21.3 - https:\/\/yoast.com\/wordpress\/plugins\/seo\/ -->\n<title>Contacteaz\u0103-ne | Sunt Bine<\/title>\n<meta name=\"robots\" content=\"index, follow, max-snippet:-1, max-image-preview:large, max-video-preview:-1\" \/>\n<link rel=\"canonical\" href=\"https:\/\/suntbine.md\/?page_id=119\" \/>\n<meta property=\"og:locale\" content=\"ro_RO\" \/>\n<meta property=\"og:type\" content=\"article\" \/>\n<meta property=\"og:title\" content=\"Contacteaz\u0103-ne | Sunt Bine\" \/>\n<meta property=\"og:description\" content=\"Ne g\u0103se\u0219ti pe mail, telefon \u0219i social media Trimite-ne un mesaj la emailul suntbinepodcast@gmail.com \u0219i spune-ne cum \u021bi s-a p\u0103rut [&hellip;]\" \/>\n<meta property=\"og:url\" content=\"https:\/\/suntbine.md\/?page_id=119\" \/>\n<meta property=\"og:site_name\" content=\"Sunt Bine\" \/>\n<meta property=\"article:publisher\" content=\"https:\/\/www.facebook.com\/suntbinepodcast\" \/>\n<meta property=\"article:modified_time\" content=\"2022-11-18T09:36:54+00:00\" \/>\n<meta property=\"og:image\" content=\"https:\/\/suntbine.md\/wp-content\/uploads\/2020\/01\/cover-image-web.jpg\" \/>\n\t<meta property=\"og:image:width\" content=\"3143\" \/>\n\t<meta property=\"og:image:height\" content=\"1770\" \/>\n\t<meta property=\"og:image:type\" content=\"image\/jpeg\" \/>\n<meta name=\"twitter:card\" content=\"summary_large_image\" \/>\n<meta name=\"twitter:label1\" content=\"Timp estimat pentru citire\" \/>\n\t<meta name=\"twitter:data1\" content=\"1 minut\" \/>\n<script type=\"application\/ld+json\" class=\"yoast-schema-graph\">{\"@context\":\"https:\/\/schema.org\",\"@graph\":[{\"@type\":\"WebPage\",\"@id\":\"https:\/\/suntbine.md\/?page_id=119\",\"url\":\"https:\/\/suntbine.md\/?page_id=119\",\"name\":\"Contacteaz\u0103-ne | Sunt Bine\",\"isPartOf\":{\"@id\":\"https:\/\/suntbine.md\/#website\"},\"datePublished\":\"2018-09-03T15:27:58+00:00\",\"dateModified\":\"2022-11-18T09:36:54+00:00\",\"breadcrumb\":{\"@id\":\"https:\/\/suntbine.md\/?page_id=119#breadcrumb\"},\"inLanguage\":\"ro-RO\",\"potentialAction\":[{\"@type\":\"ReadAction\",\"target\":[\"https:\/\/suntbine.md\/?page_id=119\"]}]},{\"@type\":\"BreadcrumbList\",\"@id\":\"https:\/\/suntbine.md\/?page_id=119#breadcrumb\",\"itemListElement\":[{\"@type\":\"ListItem\",\"position\":1,\"name\":\"Prima pagin\u0103\",\"item\":\"https:\/\/suntbine.md\/\"},{\"@type\":\"ListItem\",\"position\":2,\"name\":\"Contacteaz\u0103-ne\"}]},{\"@type\":\"WebSite\",\"@id\":\"https:\/\/suntbine.md\/#website\",\"url\":\"https:\/\/suntbine.md\/\",\"name\":\"Sunt Bine Podcast\",\"description\":\"Un podcast despre s\u0103n\u0103tatea mintal\u0103 \u00een Republica Moldova\",\"publisher\":{\"@id\":\"https:\/\/suntbine.md\/#organization\"},\"potentialAction\":[{\"@type\":\"SearchAction\",\"target\":{\"@type\":\"EntryPoint\",\"urlTemplate\":\"https:\/\/suntbine.md\/?s={search_term_string}\"},\"query-input\":\"required name=search_term_string\"}],\"inLanguage\":\"ro-RO\"},{\"@type\":\"Organization\",\"@id\":\"https:\/\/suntbine.md\/#organization\",\"name\":\"Sunt Bine Podcast\",\"url\":\"https:\/\/suntbine.md\/\",\"logo\":{\"@type\":\"ImageObject\",\"inLanguage\":\"ro-RO\",\"@id\":\"https:\/\/suntbine.md\/#\/schema\/logo\/image\/\",\"url\":\"https:\/\/suntbine.md\/wp-content\/uploads\/2020\/02\/logo2sizeok.png\",\"contentUrl\":\"https:\/\/suntbine.md\/wp-content\/uploads\/2020\/02\/logo2sizeok.png\",\"width\":493,\"height\":493,\"caption\":\"Sunt Bine Podcast\"},\"image\":{\"@id\":\"https:\/\/suntbine.md\/#\/schema\/logo\/image\/\"},\"sameAs\":[\"https:\/\/www.facebook.com\/suntbinepodcast\",\"https:\/\/www.instagram.com\/suntbinepodcast\/\",\"https:\/\/www.youtube.com\/channel\/UCq0NMj7pJmlEC76ICdCvI3w\"]}]}<\/script>\n<!-- \/ Yoast SEO plugin. -->","yoast_head_json":{"title":"Contacteaz\u0103-ne | Sunt Bine","robots":{"index":"index","follow":"follow","max-snippet":"max-snippet:-1","max-image-preview":"max-image-preview:large","max-video-preview":"max-video-preview:-1"},"canonical":"https:\/\/suntbine.md\/?page_id=119","og_locale":"ro_RO","og_type":"article","og_title":"Contacteaz\u0103-ne | Sunt Bine","og_description":"Ne g\u0103se\u0219ti pe mail, telefon \u0219i social media Trimite-ne un mesaj la emailul suntbinepodcast@gmail.com \u0219i spune-ne cum \u021bi s-a p\u0103rut [&hellip;]","og_url":"https:\/\/suntbine.md\/?page_id=119","og_site_name":"Sunt Bine","article_publisher":"https:\/\/www.facebook.com\/suntbinepodcast","article_modified_time":"2022-11-18T09:36:54+00:00","og_image":[{"width":3143,"height":1770,"url":"https:\/\/suntbine.md\/wp-content\/uploads\/2020\/01\/cover-image-web.jpg","type":"image\/jpeg"}],"twitter_card":"summary_large_image","twitter_misc":{"Timp estimat pentru citire":"1 minut"},"schema":{"@context":"https:\/\/schema.org","@graph":[{"@type":"WebPage","@id":"https:\/\/suntbine.md\/?page_id=119","url":"https:\/\/suntbine.md\/?page_id=119","name":"Contacteaz\u0103-ne | Sunt Bine","isPartOf":{"@id":"https:\/\/suntbine.md\/#website"},"datePublished":"2018-09-03T15:27:58+00:00","dateModified":"2022-11-18T09:36:54+00:00","breadcrumb":{"@id":"https:\/\/suntbine.md\/?page_id=119#breadcrumb"},"inLanguage":"ro-RO","potentialAction":[{"@type":"ReadAction","target":["https:\/\/suntbine.md\/?page_id=119"]}]},{"@type":"BreadcrumbList","@id":"https:\/\/suntbine.md\/?page_id=119#breadcrumb","itemListElement":[{"@type":"ListItem","position":1,"name":"Prima pagin\u0103","item":"https:\/\/suntbine.md\/"},{"@type":"ListItem","position":2,"name":"Contacteaz\u0103-ne"}]},{"@type":"WebSite","@id":"https:\/\/suntbine.md\/#website","url":"https:\/\/suntbine.md\/","name":"Sunt Bine Podcast","description":"Un podcast despre s\u0103n\u0103tatea mintal\u0103 \u00een Republica Moldova","publisher":{"@id":"https:\/\/suntbine.md\/#organization"},"potentialAction":[{"@type":"SearchAction","target":{"@type":"EntryPoint","urlTemplate":"https:\/\/suntbine.md\/?s={search_term_string}"},"query-input":"required name=search_term_string"}],"inLanguage":"ro-RO"},{"@type":"Organization","@id":"https:\/\/suntbine.md\/#organization","name":"Sunt Bine Podcast","url":"https:\/\/suntbine.md\/","logo":{"@type":"ImageObject","inLanguage":"ro-RO","@id":"https:\/\/suntbine.md\/#\/schema\/logo\/image\/","url":"https:\/\/suntbine.md\/wp-content\/uploads\/2020\/02\/logo2sizeok.png","contentUrl":"https:\/\/suntbine.md\/wp-content\/uploads\/2020\/02\/logo2sizeok.png","width":493,"height":493,"caption":"Sunt Bine Podcast"},"image":{"@id":"https:\/\/suntbine.md\/#\/schema\/logo\/image\/"},"sameAs":["https:\/\/www.facebook.com\/suntbinepodcast","https:\/\/www.instagram.com\/suntbinepodcast\/","https:\/\/www.youtube.com\/channel\/UCq0NMj7pJmlEC76ICdCvI3w"]}]}},"_links":{"self":[{"href":"https:\/\/suntbine.md\/index.php?rest_route=\/wp\/v2\/pages\/119","targetHints":{"allow":["GET"]}}],"collection":[{"href":"https:\/\/suntbine.md\/index.php?rest_route=\/wp\/v2\/pages"}],"about":[{"href":"https:\/\/suntbine.md\/index.php?rest_route=\/wp\/v2\/types\/page"}],"author":[{"embeddable":true,"href":"https:\/\/suntbine.md\/index.php?rest_route=\/wp\/v2\/users\/1"}],"replies":[{"embeddable":true,"href":"https:\/\/suntbine.md\/index.php?rest_route=%2Fwp%2Fv2%2Fcomments&post=119"}],"version-history":[{"count":9,"href":"https:\/\/suntbine.md\/index.php?rest_route=\/wp\/v2\/pages\/119\/revisions"}],"predecessor-version":[{"id":1644,"href":"https:\/\/suntbine.md\/index.php?rest_route=\/wp\/v2\/pages\/119\/revisions\/1644"}],"wp:featuredmedia":[{"embeddable":true,"href":"https:\/\/suntbine.md\/index.php?rest_route=\/wp\/v2\/media\/447"}],"wp:attachment":[{"href":"https:\/\/suntbine.md\/index.php?rest_route=%2Fwp%2Fv2%2Fmedia&parent=119"}],"curies":[{"name":"wp","href":"https:\/\/api.w.org\/{rel}","templated":true}]}}