{"id":3,"date":"2019-10-28T15:24:09","date_gmt":"2019-10-28T15:24:09","guid":{"rendered":"http:\/\/78.47.195.49\/suntbinepodcast\/?page_id=3"},"modified":"2020-02-20T13:24:16","modified_gmt":"2020-02-20T13:24:16","slug":"privacy-policy","status":"publish","type":"page","link":"https:\/\/suntbine.md\/?page_id=3","title":{"rendered":"Politica de confiden\u021bialitate"},"content":{"rendered":"\n<p>Prezenta politic\u0103\nare drept obiect informarea asupra activit\u0103\u021bilor de prelucrare a datelor cu\ncaracter personal efectuate de&nbsp;echipa\npodcastului \u201eSunt Bine\u201d \u0219i se aplic\u0103 tuturor prelucr\u0103rilor efectuate de noi, inclusiv\ninterac\u021biunii cu pagina suntbine.md<\/p>\n\n\n\n<p>Echipa&nbsp;\u201eSunt\nBine\u201d&nbsp;este permanent preocupat\u0103 de asigurarea unei experien\u021be depline de\nutilizare a serviciilor noastre \u0219i prestare servicii pentru Clien\u021bii no\u0219tri \u00een\nacord cu nevoile lor. Astfel, depunem toate eforturile pentru a oferi\nClien\u021bilor no\u0219tri at\u00e2t produse \u0219i servicii de calitate c\u00e2t \u0219i informa\u021bii \u0219i\n\u00eendrum\u0103ri post prestare\/v\u00e2nzare, respectiv: newslettere, invita\u021bii la\nevenimente, campanii \u0219i oferte speciale, at\u00e2t cu privire la produsele \u0219i\nactivitatea noastr\u0103 c\u00e2t \u0219i la cele ale partenerilor no\u0219tri,\ndenumite colectiv\n\u201eNewslettere\u201d.<\/p>\n\n\n\n<h3 class=\"wp-block-heading\"><strong>Ce fel de date cu caracter personal prelucr\u0103m<\/strong><\/h3>\n\n\n\n<p>Colect\u0103m \u0219i\nprelucr\u0103m doar acele date personale ale tale care ne sunt necesare pentru a-\u021bi\nputea oferi o experien\u021b\u0103 de utilizare \/ cump\u0103rare de calitate cu privire la\nprodusele, serviciile, resursele \u0219i paginile noastre web.&nbsp;Datele personale\npe care le prelucr\u0103m pot include cu titlu de exemplu:<\/p>\n\n\n\n<p><strong>a.<\/strong><strong> <\/strong>date pentru identificarea ta: nume,\nprenume, nume de utilizator;<\/p>\n\n\n\n<p><strong>b.<\/strong><strong> <\/strong>date de contact: adresa fizic\u0103, num\u0103r\nde telefon, adresa de email;<\/p>\n\n\n\n<p><strong>c.<\/strong><strong> <\/strong>date pentru \u00eencheierea valabil\u0103 a\ncontractelor \u0219i emiterea de facturi fiscale: date buletin de identitate, serie,\nnum\u0103r, CNP, dat\u0103 emitere;<\/p>\n\n\n\n<p><strong>d.<\/strong><strong> <\/strong>date pe care ni le pune\u021bi la\ndispozi\u021bie cu ocazia cre\u0103rii contului de utilizator pe pagin\u0103 noastr\u0103 web,\n\u00eenregistr\u0103rii, actualiz\u0103rii datelor sau renun\u021b\u0103rii la&nbsp;Newsletter, precum\n\u0219i cu ocazia \u00eenregistr\u0103rii \u0219i particip\u0103rii la evenimentele organizate sau\nsprijinite de noi;<\/p>\n\n\n\n<p><strong>e.<\/strong><strong> <\/strong>date primite sau colectate cu ocazia\nvizitelor la evenimentele organizate de noi \u0219i\/sau partenerii no\u0219trii: pot\ninclude \u00eenregistr\u0103ri video ale activit\u0103\u021bilor desf\u0103\u0219urate \u0219i accesului \u00een aceste\nloca\u021bii;<\/p>\n\n\n\n<p><strong>f.<\/strong><strong> <\/strong>cont bancar \u0219i alte informa\u021bii\nfinanciare pentru desf\u0103\u0219urarea rela\u021biei contractuale;<\/p>\n\n\n\n<p><strong>g.<\/strong><strong> <\/strong>date tehnice, inclusiv adresa IP:\ninforma\u021bii despre accesul vostru pe pagin\u0103 noastr\u0103 web, \u00een aplica\u021biile\ndezvoltate de noi sau accesarea Newsletterelor, materialelor \u0219i comunic\u0103rilor\npe care vi le trimitem \u00een contul de utilizator, telefonic sau pe e-mail;<\/p>\n\n\n\n<p><strong>h.<\/strong><strong> <\/strong>alte date pe care ni le pute\u021bi pune\nla dispozi\u021bie.<\/p>\n\n\n\n<p><\/p>\n\n\n\n<h3 class=\"wp-block-heading\"><strong>Cum colect\u0103m datele personale<\/strong><\/h3>\n\n\n\n<p>Colect\u0103m \u00een format\nfizic \u0219i electronic doar acele date personale pe care ni le furniza\u021bi \u00een mod\nvoluntar \u0219i informa\u021biile disponibile din surse publice, astfel:<strong>&nbsp;a.<\/strong>&nbsp;\u00een\ncazul achizi\u021bion\u0103rii de produse \u0219i servicii de la noi sau \u00een discu\u021biile\nprealabile achizi\u021bion\u0103rii acestora;&nbsp;<strong>b.<\/strong>&nbsp;prin intermediul\npaginii noastre web, cu ocazia \u00eenregistr\u0103rii \u00een contul vostru de\nutilizator\/client;&nbsp;<strong>c.<\/strong>&nbsp;prin \u00eenregistrarea pentru primirea\nNewsletterului;&nbsp;<strong>d.<\/strong>&nbsp;atunci c\u00e2nd ne contacta\u021bi prin e-mail, dac\u0103\nv\u0103 exprima\u021bi interesul cu privire la bunurile \u0219i serviciile noastre sau dac\u0103 v\u0103\nmanifesta\u021bi interesul de a fi contactat, angajat ori vre\u021bi s\u0103 colabora\u021bi cu\nnoi;&nbsp;<strong>e.<\/strong>&nbsp;\u00een cazul \u00een care ne \u00eent\u00e2lnim la un eveniment \u0219i spre\nexemplu facem schimb de c\u0103r\u021bi de vizit\u0103;&nbsp;<strong>f.<\/strong>&nbsp;cu ocazia\nacces\u0103rii altor informa\u021bii disponibile pe baza de \u00eenregistrare.<\/p>\n\n\n\n<p>Pentru orice\nprelucrare a datelor tale cu caracter personal te inform\u0103m \u00een prealabil cu\nprivire la scopul \u00een care se face respectiv\u0103 prelucrare, astfel:<\/p>\n\n\n\n<ul class=\"wp-block-list\"><li>Achizi\u021bionarea de bunuri \u0219i servicii<strong>:<\/strong> Prelucr\u0103m toate datele personale pe care ni le pune\u021bi la dispozi\u021bie, precum \u0219i orice alte date care ne sunt necesare pentru v\u00e2nzarea produselor \u0219i prestarea serviciilor contractate, cu respectarea prevederilor Termenilor \u0219i condi\u021biilor paginii web \u0219i ale dispozi\u021biilor legilor \u00een vigoare privitoare la prelucrarea datelor cu caracter personal \u0219i achizi\u021biile de bunuri \u0219i servicii, c\u00e2t \u0219i pentru alte activit\u0103\u021bi \u0219i ac\u021biuni derivate din \u00eencheierea \u0219i executarea contractului.<\/li><\/ul>\n\n\n\n<ul class=\"wp-block-list\"><li>Comunic\u0103ri \u0219i&nbsp;Newslettere: \u00cen situa\u021bia \u00een care deja ne sunte\u021bi client\/cump\u0103r\u0103tor sau dac\u0103 ne-a\u021bi contactat \u00een scop profesional, prelucr\u0103m datele voastre personale pe baza interesului legitim de a va transmite comunic\u0103ri specifice, Newslettere de interes pentru voi c\u00e2t \u0219i invita\u021bii la evenimentele noastre \u0219i ale partenerilor no\u0219tri.<\/li><\/ul>\n\n\n\n<p>Dac\u0103 dori\u021bi s\u0103 va abona\u021bi la Newsletterul nostru (prin intermediul\npaginii noastre web sau printr-o alt\u0103 form\u0103 de solicitare direct\u0103) v\u0103 vom\nsolicita consim\u021b\u0103m\u00e2ntul cu privire la prelucrarea datelor personale pentru a v\u0103\nputea furniza respectivele servicii la care a\u021bi solicitat abonarea.<\/p>\n\n\n\n<ul class=\"wp-block-list\"><li>Organizarea de evenimente cu scop de promovare, instruire sau profesional: Acestea pot include \u00eenregistr\u0103ri video ale activit\u0103\u021bilor desf\u0103\u0219urate \u0219i ale accesului \u00een respectivele loca\u021bii;<\/li><\/ul>\n\n\n\n<p>Orice prelucrare a datelor personale \u00een scopurile men\u021bionate anterior are la baz\u0103 unul dintre urm\u0103toarele temeiuri:&nbsp;<strong>1.<\/strong> Executarea unui contract privind achizi\u021bionarea de bunuri \u0219i\/sau servicii, caz \u00een care sunt prelucrate urm\u0103toarele date personale: datele de identificare (\u00een calitate de client persoan\u0103 fizic\u0103 sau de reprezentat ori alt angajat al unui client persoan\u0103 juridic\u0103), datele de contact \u0219i pozi\u021bia\/postul&nbsp;<strong>2.<\/strong> \u00cendeplinirea unor obliga\u021bii prev\u0103zute de dispozi\u021biile legale obligatorii pentru noi (de exemplu: prevenirea \u0219i combaterea sp\u0103l\u0103rii de bani \u0219i necesitatea cunoa\u0219terii clientelei), \u00een m\u0103sura \u00eendeplinirii condi\u021biilor privind aplicabilitatea acestora \u2013 fiind prelucrate pe acest temei datele de contact \u0219i serie, num\u0103r \u0219i CNP-ul CI \/ pa\u0219aport ac\u021bionari\/asocia\u021bi;&nbsp;<strong>3.<\/strong> Consim\u021b\u0103m\u00e2nt, \u00een ceea ce prive\u0219te transmiterea newsletterelor sau a invita\u021biilor la evenimentele&nbsp;noastre&nbsp;\u2013 pentru prelucrarea datelor tale de identificare \u0219i de contact.<\/p>\n\n\n\n<h3 class=\"wp-block-heading\"><strong>Care sunt drepturile tale cu privire la prelucrarea datelor personale<\/strong><\/h3>\n\n\n\n<p>Va reamintim c\u0103 \u00een\ncalitate de persoane vizate ave\u021bi urm\u0103toarele drepturi cu privire la\nprelucrarea datelor personale:<\/p>\n\n\n\n<p><strong>a.<\/strong> Acces la datele voastre personale pe care noi le\nprelucr\u0103m.<\/p>\n\n\n\n<p><strong>b<\/strong><strong>. <\/strong>Ob\u021binerea rectific\u0103rii datelor\nvoastre personale inexacte: ne pute\u021bi solicita s\u0103 le rectific\u0103m noi.<\/p>\n\n\n\n<p><strong>c.<\/strong> Ob\u021binerea restric\u021bion\u0103rii prelucr\u0103rii datelor\nvoastre personale atunci c\u00e2nd:&nbsp;<strong>a.<\/strong>&nbsp;contesta\u021bi acurate\u021bea\ndatelor personale pe care noi le prelucr\u0103m;&nbsp;<strong>b.<\/strong>&nbsp;prelucrarea\ndatelor voastre personale este ilegal\u0103;&nbsp;<strong>c.<\/strong>&nbsp;nu avem nevoie de\ndatele voastre personale pentru scopul \u00een care facem prelucrarea, \u00eens\u0103\nsolicit\u0103\u021bi p\u0103strarea lor pentru stabilirea, exercitarea sau ap\u0103rarea unui drept\n\u00een instan\u021ba, sau&nbsp;<strong>d.<\/strong>&nbsp;v\u0103 opune\u021bi prelucr\u0103rii datelor voastre\npersonale, c\u00e2t timp verific\u0103m existen\u021ba interesului nostru legitim \u00een\nprelucrarea datelor voastre cu caracter personal.<\/p>\n\n\n\n<p><strong>d.<\/strong> Portabilitatea datelor voastre personale: ne pute\u021bi\nsolicita s\u0103 transmitem, fie vou\u0103, fie unui alt operator de date, o copie a\ndatelor voastre personale pe care ni le-a\u021bi pus la dispozi\u021bie pentru a le\nprelucra;<\/p>\n\n\n\n<p><strong>e.<\/strong> Ob\u021binerea \u0219tergerii datelor voastre cu caracter\npersonal&nbsp;\u00een cazul \u00een care devine aplicabil unul din urm\u0103toarele\ncazuri:&nbsp;<strong>a.<\/strong>&nbsp;datele nu mai sunt necesare pentru \u00eendeplinirea\nscopurilor pentru care au fost colectate sau prelucrate;&nbsp;<strong>b.<\/strong>&nbsp;v\u0103\nretrage\u021bi consim\u021b\u0103m\u00e2ntul pe baza c\u0103ruia are loc prelucrarea \u0219i nu exist\u0103 niciun\nalt temei juridic sau motive legitime pentru prelucrare;&nbsp;<strong>c.&nbsp;<\/strong>datele\ncu caracter personal au fost prelucrate ilegal;&nbsp;<strong>d.&nbsp;<\/strong>datele cu\ncaracter personal trebuie \u0219terse pentru respectarea unei obliga\u021bii care ne\nrevine \u00een baza legii;<\/p>\n\n\n\n<p>Dac\u0103 ai orice\nnel\u0103muriri sau \u00eentreb\u0103ri cu privire la drepturile \u0219i prelucrarea datelor tale\npersonale sau dac\u0103 dore\u0219\u021bi s\u0103 ne adresezi vreo solicitare ori s\u0103-\u021bi exerci\u021bi\noricare din drepturile tale cu privire la prelucrarea datelor personale, nu\nezita s\u0103 ne contactezi. <\/p>\n\n\n\n<p>Te asigur\u0103m c\u0103 vom\nanaliza \u00een cel mai scurt timp posibil fiecare \u00eentrebare \u0219i fiecare solicitare\n\u0219i \u00ee\u021bi vom comunica r\u0103spunsurile nu mai t\u00e2rziu de o lun\u0103 de la momentul\n\u00eenregistr\u0103rii solicit\u0103rii tale. Dac\u0103 vom avea nevoie de mai multe informa\u021bii de\nla \u021bine sau dac\u0103 vom \u00eent\u00e2mpina dificult\u0103\u021bi \u00een solu\u021bionarea cererii, te vom\ninforma f\u0103r\u0103 \u00eent\u00e2rziere \u0219i cu privire la aceast\u0103 situa\u021bie.<\/p>\n\n\n\n<h3 class=\"wp-block-heading\"><strong>C\u00e2t p\u0103str\u0103m datele cu caracter personal<\/strong><\/h3>\n\n\n\n<p>Dac\u0103 ai optat s\u0103\nprime\u0219ti comunic\u0103ri prin Newsletter, vom stoca datele tale pentru a \u00ee\u021bi furniza\nacest serviciu timp de 2 ani de la ultima ta interac\u021biune cu comunic\u0103rile\ntransmise. Dup\u0103 trecerea acestei perioade de 2 ani, \u00ee\u021bi vom solicita din nou\nconsim\u021b\u0103m\u00e2ntul pentru ca tu s\u0103 po\u021bi decide dac\u0103 vei mai dori s\u0103 prime\u0219ti \u00een\ncontinuare de la noi Newsletterul.<\/p>\n\n\n\n<p>\u00cen orice caz \u0219i\nmoment, dac\u0103 hot\u0103r\u0103\u0219ti c\u0103 nu mai dore\u0219\u021bi s\u0103 prime\u0219ti Newsletterul \u0219i \u00ee\u021bi\nretragi consim\u021b\u0103m\u00e2ntul, nu vom mai prelucra datele tale personale \u00een acest\nscop.<\/p>\n\n\n\n<p>Ca regul\u0103, vom\n\u0219terge datele voastre personale atunci c\u00e2nd acestea nu mai sunt necesare pentru\nscopurile \u00een care au fost colectate sau c\u00e2nd v\u0103 retrage\u021bi consim\u021b\u0103m\u00e2ntul \u00een\nsitua\u021bia \u00een care prelucrarea datelor voastre se \u00eentemeiaz\u0103 pe consim\u021b\u0103m\u00e2nt.\nReprezint\u0103 excep\u021bii de la aceast\u0103 regul\u0103 cazurile \u00een care prelucrarea datelor\npersonale este necesar\u0103 \u00een baza unor prevederi legale sau dac\u0103 suntem\n\u00eendrept\u0103\u021bi\u021bi s\u0103 continu\u0103m respectiva prelucrare. De asemenea, datele voastre\npersonale vor putea fi p\u0103strate de c\u0103tre noi pentru o perioada mai mare fa\u021b\u0103 de\ncele indicate anterior, numai \u00een acele situa\u021bii \u00een care \u0219tergerea imediat\u0103 a\nacestora ar necesit\u0103 suprascrierea sistemelor noastre de back-up \u0219i recuperare\n\u00een caz de dezastru.<\/p>\n\n\n\n<h3 class=\"wp-block-heading\"><strong>Ce se \u00eent\u00e2mpl\u0103 cu datele personale \u00een raport cu alte persoane<\/strong><\/h3>\n\n\n\n<p>Ca regul\u0103, nu\ndivulg\u0103m \u0219i nu transfer\u0103m datele personale c\u0103tre ter\u021bi. Cu titlu de excep\u021bie,\n\u00een situa\u021biile \u00een care divulgarea \u0219i transferul sunt necesare ori dac\u0103 suntem\nobliga\u021bi prin lege, te vom informa \u00een cel mai scurt timp posibil asupra acestui\nfapt, cu excep\u021bia cazului \u00een care legea aplicabil\u0103 ne interzice sau ne\n\u00eempiedic\u0103 s\u0103 facem o astfel de informare.<\/p>\n\n\n\n<p>\u00cen cazul \u00een care\nvom divulga sau transfera datele tale personale c\u0103tre ter\u021bi, vom face acest\nlucru cu respectarea legii \u0219i cu adoptarea de m\u0103suri pentru protejarea \u0219i\nsecurizarea acestora.<\/p>\n\n\n\n<p>Pentru prelucrarea datelor personale putem folosi persoane \u00eemputernicite, (de exemplu: prestatori \u0219i furnizori de servicii IT, management de baze de date sau contacte, contabilitate, organizatori de evenimente etc.). Cu to\u021bi ace\u0219ti \u00eemputernici\u021bi avem \u00eencheiate contracte care reglementeaz\u0103 regimul de prelucrare a datelor personale prin care ne asigur\u0103m c\u0103 \u0219i ace\u0219tia \u00ee\u0219i asum\u0103 obliga\u021biile legale de prelucrare a datelor personale \u0219i ofer\u0103 un nivel adecvat de protec\u021bie \u0219i securizare al datelor personale \u0219i respect\u0103 \u00eentocmai dispozi\u021biile legale aplicabile \u00een materie.<\/p>\n\n\n\n<h3 class=\"wp-block-heading\"><strong>Cum securiz\u0103m datele cu caracter personal<\/strong><\/h3>\n\n\n\n<p>Toate datele\npersonale prelucrate de c\u0103tre noi sunt protejate \u00eempotriva amenin\u021b\u0103rilor, prin\nm\u0103suri electronice \u0219i fizice de securitate \u0219i infrastructur\u0103 IT corespunz\u0103toare\ndar \u0219i prin proceduri interne de management de personal \u0219i acces ce asigur\u0103\ndescoperirea, notificarea \u0219i documentarea oric\u0103ror eventuale \u00eenc\u0103lc\u0103ri ale\nsecurit\u0103\u021bii datelor cu caracter personal.<\/p>\n\n\n\n<p>Dac\u0103 nu ai g\u0103sit\nr\u0103spuns \u00eentreb\u0103rilor tale \u00een acest document sau dac\u0103 ai orice alte nel\u0103muriri\ncu privire la datele tale personale sau modul \u00een care le prelucr\u0103m,\ncontacteaz\u0103-ne la suntbinepodcast@gmail.com.<\/p>\n\n\n\n<h3 class=\"wp-block-heading\"><strong>Prelucrare automat\u0103 de date. Cookie<\/strong>s<\/h3>\n\n\n\n<p>Cookie-urile sunt fi\u0219iere text care sunt stocate \u00eentr-un computer prin intermediul Browserului de Internet. Multe site-uri \u0219i servere utilizeaz\u0103 cookie-uri. Multe module cookie con\u021bin un cod a\u0219a-numit cookie. Un ID cookie este un identificator unic al cookie-ului. Se compune dintr-un \u0219ir de caractere prin care paginile \u0219i serverele Internet pot fi atribuite browserului de Internet \u00een care a fost stocat cookie-ul. Acest lucru permite site-urilor web si serverelor vizitate s\u0103 diferen\u021bieze browserul individual al datelor de la alte browsere de Internet care con\u021bin alte cookie-uri. Un anumit browser de Internet poate fi recunoscut si identificat folosind un cod de cookie unic. <\/p>\n\n\n\n<p>Prin utilizarea cookie-urilor,&nbsp;<strong>echipa \u201eSunt Bine\u201d<\/strong>poate furniza userilor site-ului mai multe servicii u\u0219or de utilizat care nu ar fi posibile f\u0103r\u0103 setarea cookie-urilor. Cu ajutorul unui cookie, informa\u021biile \u0219i ofertele de pe site-ul nostru pot fi optimizate av\u00e2nd \u00een vedere utilizatorul. Cookie-urile ne permit, dup\u0103 cum am men\u021bionat anterior, s\u0103 recunoa\u0219tem utilizatorii site-ului nostru web. Scopul acestei recunoa\u0219teri este de a u\u0219ura utilizarea de c\u0103tre utilizatori a site-ului nostru web. Utilizatorului site-ului web care utilizeaz\u0103 module cookie nu trebuie, de exemplu, s\u0103 introduc\u0103 date de acces de fiecare dat\u0103 c\u00e2nd site-ul este accesat, deoarece acesta este preluat de site-ul web, iar cookie-ul este astfel stocat \u00een sistemul informatic al utilizatorului. Un alt exemplu este cookie-ul unui co\u0219 de cump\u0103r\u0103turi \u00eentr-un magazin online. Magazinul online \u00ee\u0219i aminte\u0219te articolele pe care un client le-a plasat \u00een co\u0219ul de cump\u0103r\u0103turi virtuale prin intermediul unui modul cookie. Persoana vizat\u0103 poate, \u00een orice timp, s\u0103 previn\u0103 setarea cokie-urilor prin intermediul unei set\u0103ri corespunzatoare a browserului de internet utilizat, poate astfel s\u0103 refuze definitiv setarea cookie-urilor. <\/p>\n\n\n\n<p>\u00cen plus, cookie-urile deja setate pot fi \u0219terse \u00een orice moment prin intermediul unui browser de Internet sau al altor programe software. Acest lucru este posibil \u00een toate browserele de Internet populare. Dac\u0103 persoana vizat\u0103 dezactiveaz\u0103 setarea cookie-urilor \u00een browserul de internet utilizat, nu toate func\u021biile site-ului nostru pot fi utilizate \u00een totalitate. \u00cen timpul utiliz\u0103rii este posibil s\u0103 colect\u0103m automat informa\u021bii nepersonale cum ar fi adresele IP de la care accesa\u021bi site-ul \u0219i browserul pe care \u00eel folosi\u021bi, iar dumneavoastr\u0103 sunte\u021bi de acord cu stocarea anumitor informa\u021bii pe computerul dumneavoastr\u0103 (\u201cmodule cookie\u201d), toate \u00een scopul de a v\u0103 asigura un acces optim la site \u0219i operarea acestuia de c\u0103tre dumneavoastr\u0103. <\/p>\n","protected":false},"excerpt":{"rendered":"<p>Prezenta politic\u0103 are drept obiect informarea asupra activit\u0103\u021bilor de prelucrare a datelor cu caracter personal efectuate de&nbsp;echipa podcastului \u201eSunt Bine\u201d [&hellip;]<\/p>\n<a href=\"https:\/\/suntbine.md\/?page_id=3\" class=\"read-more\">Read more <span class=\"mdi mdi-trending-neutral\"><\/span><\/a>","protected":false},"author":1,"featured_media":0,"parent":0,"menu_order":0,"comment_status":"closed","ping_status":"open","template":"","meta":{"footnotes":""},"class_list":["post-3","page","type-page","status-publish","hentry"],"acf":[],"yoast_head":"<!-- This site is optimized with the Yoast SEO plugin v21.3 - https:\/\/yoast.com\/wordpress\/plugins\/seo\/ -->\n<title>Politica de confiden\u021bialitate | Sunt Bine<\/title>\n<meta name=\"robots\" content=\"index, follow, max-snippet:-1, max-image-preview:large, max-video-preview:-1\" \/>\n<link rel=\"canonical\" href=\"https:\/\/suntbine.md\/?page_id=3\" \/>\n<meta property=\"og:locale\" content=\"ro_RO\" \/>\n<meta property=\"og:type\" content=\"article\" \/>\n<meta property=\"og:title\" content=\"Politica de confiden\u021bialitate | Sunt Bine\" \/>\n<meta property=\"og:description\" content=\"Prezenta politic\u0103 are drept obiect informarea asupra activit\u0103\u021bilor de prelucrare a datelor cu caracter personal efectuate de&nbsp;echipa podcastului \u201eSunt Bine\u201d [&hellip;]\" \/>\n<meta property=\"og:url\" content=\"https:\/\/suntbine.md\/?page_id=3\" \/>\n<meta property=\"og:site_name\" content=\"Sunt Bine\" \/>\n<meta property=\"article:publisher\" content=\"https:\/\/www.facebook.com\/suntbinepodcast\" \/>\n<meta property=\"article:modified_time\" content=\"2020-02-20T13:24:16+00:00\" \/>\n<meta property=\"og:image\" content=\"https:\/\/suntbine.md\/wp-content\/uploads\/2020\/01\/cover-image-web.jpg\" \/>\n\t<meta property=\"og:image:width\" content=\"3143\" \/>\n\t<meta property=\"og:image:height\" content=\"1770\" \/>\n\t<meta property=\"og:image:type\" content=\"image\/jpeg\" \/>\n<meta name=\"twitter:card\" content=\"summary_large_image\" \/>\n<meta name=\"twitter:label1\" content=\"Timp estimat pentru citire\" \/>\n\t<meta name=\"twitter:data1\" content=\"12 minute\" \/>\n<script type=\"application\/ld+json\" class=\"yoast-schema-graph\">{\"@context\":\"https:\/\/schema.org\",\"@graph\":[{\"@type\":\"WebPage\",\"@id\":\"https:\/\/suntbine.md\/?page_id=3\",\"url\":\"https:\/\/suntbine.md\/?page_id=3\",\"name\":\"Politica de confiden\u021bialitate | Sunt Bine\",\"isPartOf\":{\"@id\":\"https:\/\/suntbine.md\/#website\"},\"datePublished\":\"2019-10-28T15:24:09+00:00\",\"dateModified\":\"2020-02-20T13:24:16+00:00\",\"breadcrumb\":{\"@id\":\"https:\/\/suntbine.md\/?page_id=3#breadcrumb\"},\"inLanguage\":\"ro-RO\",\"potentialAction\":[{\"@type\":\"ReadAction\",\"target\":[\"https:\/\/suntbine.md\/?page_id=3\"]}]},{\"@type\":\"BreadcrumbList\",\"@id\":\"https:\/\/suntbine.md\/?page_id=3#breadcrumb\",\"itemListElement\":[{\"@type\":\"ListItem\",\"position\":1,\"name\":\"Prima pagin\u0103\",\"item\":\"https:\/\/suntbine.md\/\"},{\"@type\":\"ListItem\",\"position\":2,\"name\":\"Politica de confiden\u021bialitate\"}]},{\"@type\":\"WebSite\",\"@id\":\"https:\/\/suntbine.md\/#website\",\"url\":\"https:\/\/suntbine.md\/\",\"name\":\"Sunt Bine Podcast\",\"description\":\"Un podcast despre s\u0103n\u0103tatea mintal\u0103 \u00een Republica Moldova\",\"publisher\":{\"@id\":\"https:\/\/suntbine.md\/#organization\"},\"potentialAction\":[{\"@type\":\"SearchAction\",\"target\":{\"@type\":\"EntryPoint\",\"urlTemplate\":\"https:\/\/suntbine.md\/?s={search_term_string}\"},\"query-input\":\"required name=search_term_string\"}],\"inLanguage\":\"ro-RO\"},{\"@type\":\"Organization\",\"@id\":\"https:\/\/suntbine.md\/#organization\",\"name\":\"Sunt Bine Podcast\",\"url\":\"https:\/\/suntbine.md\/\",\"logo\":{\"@type\":\"ImageObject\",\"inLanguage\":\"ro-RO\",\"@id\":\"https:\/\/suntbine.md\/#\/schema\/logo\/image\/\",\"url\":\"https:\/\/suntbine.md\/wp-content\/uploads\/2020\/02\/logo2sizeok.png\",\"contentUrl\":\"https:\/\/suntbine.md\/wp-content\/uploads\/2020\/02\/logo2sizeok.png\",\"width\":493,\"height\":493,\"caption\":\"Sunt Bine Podcast\"},\"image\":{\"@id\":\"https:\/\/suntbine.md\/#\/schema\/logo\/image\/\"},\"sameAs\":[\"https:\/\/www.facebook.com\/suntbinepodcast\",\"https:\/\/www.instagram.com\/suntbinepodcast\/\",\"https:\/\/www.youtube.com\/channel\/UCq0NMj7pJmlEC76ICdCvI3w\"]}]}<\/script>\n<!-- \/ Yoast SEO plugin. -->","yoast_head_json":{"title":"Politica de confiden\u021bialitate | Sunt Bine","robots":{"index":"index","follow":"follow","max-snippet":"max-snippet:-1","max-image-preview":"max-image-preview:large","max-video-preview":"max-video-preview:-1"},"canonical":"https:\/\/suntbine.md\/?page_id=3","og_locale":"ro_RO","og_type":"article","og_title":"Politica de confiden\u021bialitate | Sunt Bine","og_description":"Prezenta politic\u0103 are drept obiect informarea asupra activit\u0103\u021bilor de prelucrare a datelor cu caracter personal efectuate de&nbsp;echipa podcastului \u201eSunt Bine\u201d [&hellip;]","og_url":"https:\/\/suntbine.md\/?page_id=3","og_site_name":"Sunt Bine","article_publisher":"https:\/\/www.facebook.com\/suntbinepodcast","article_modified_time":"2020-02-20T13:24:16+00:00","og_image":[{"width":3143,"height":1770,"url":"https:\/\/suntbine.md\/wp-content\/uploads\/2020\/01\/cover-image-web.jpg","type":"image\/jpeg"}],"twitter_card":"summary_large_image","twitter_misc":{"Timp estimat pentru citire":"12 minute"},"schema":{"@context":"https:\/\/schema.org","@graph":[{"@type":"WebPage","@id":"https:\/\/suntbine.md\/?page_id=3","url":"https:\/\/suntbine.md\/?page_id=3","name":"Politica de confiden\u021bialitate | Sunt Bine","isPartOf":{"@id":"https:\/\/suntbine.md\/#website"},"datePublished":"2019-10-28T15:24:09+00:00","dateModified":"2020-02-20T13:24:16+00:00","breadcrumb":{"@id":"https:\/\/suntbine.md\/?page_id=3#breadcrumb"},"inLanguage":"ro-RO","potentialAction":[{"@type":"ReadAction","target":["https:\/\/suntbine.md\/?page_id=3"]}]},{"@type":"BreadcrumbList","@id":"https:\/\/suntbine.md\/?page_id=3#breadcrumb","itemListElement":[{"@type":"ListItem","position":1,"name":"Prima pagin\u0103","item":"https:\/\/suntbine.md\/"},{"@type":"ListItem","position":2,"name":"Politica de confiden\u021bialitate"}]},{"@type":"WebSite","@id":"https:\/\/suntbine.md\/#website","url":"https:\/\/suntbine.md\/","name":"Sunt Bine Podcast","description":"Un podcast despre s\u0103n\u0103tatea mintal\u0103 \u00een Republica Moldova","publisher":{"@id":"https:\/\/suntbine.md\/#organization"},"potentialAction":[{"@type":"SearchAction","target":{"@type":"EntryPoint","urlTemplate":"https:\/\/suntbine.md\/?s={search_term_string}"},"query-input":"required name=search_term_string"}],"inLanguage":"ro-RO"},{"@type":"Organization","@id":"https:\/\/suntbine.md\/#organization","name":"Sunt Bine Podcast","url":"https:\/\/suntbine.md\/","logo":{"@type":"ImageObject","inLanguage":"ro-RO","@id":"https:\/\/suntbine.md\/#\/schema\/logo\/image\/","url":"https:\/\/suntbine.md\/wp-content\/uploads\/2020\/02\/logo2sizeok.png","contentUrl":"https:\/\/suntbine.md\/wp-content\/uploads\/2020\/02\/logo2sizeok.png","width":493,"height":493,"caption":"Sunt Bine Podcast"},"image":{"@id":"https:\/\/suntbine.md\/#\/schema\/logo\/image\/"},"sameAs":["https:\/\/www.facebook.com\/suntbinepodcast","https:\/\/www.instagram.com\/suntbinepodcast\/","https:\/\/www.youtube.com\/channel\/UCq0NMj7pJmlEC76ICdCvI3w"]}]}},"_links":{"self":[{"href":"https:\/\/suntbine.md\/index.php?rest_route=\/wp\/v2\/pages\/3","targetHints":{"allow":["GET"]}}],"collection":[{"href":"https:\/\/suntbine.md\/index.php?rest_route=\/wp\/v2\/pages"}],"about":[{"href":"https:\/\/suntbine.md\/index.php?rest_route=\/wp\/v2\/types\/page"}],"author":[{"embeddable":true,"href":"https:\/\/suntbine.md\/index.php?rest_route=\/wp\/v2\/users\/1"}],"replies":[{"embeddable":true,"href":"https:\/\/suntbine.md\/index.php?rest_route=%2Fwp%2Fv2%2Fcomments&post=3"}],"version-history":[{"count":5,"href":"https:\/\/suntbine.md\/index.php?rest_route=\/wp\/v2\/pages\/3\/revisions"}],"predecessor-version":[{"id":602,"href":"https:\/\/suntbine.md\/index.php?rest_route=\/wp\/v2\/pages\/3\/revisions\/602"}],"wp:attachment":[{"href":"https:\/\/suntbine.md\/index.php?rest_route=%2Fwp%2Fv2%2Fmedia&parent=3"}],"curies":[{"name":"wp","href":"https:\/\/api.w.org\/{rel}","templated":true}]}}