{"id":4,"date":"2018-09-03T14:50:28","date_gmt":"2018-09-03T14:50:28","guid":{"rendered":"https:\/\/liviucerchez.com\/castilo\/?page_id=4"},"modified":"2022-11-13T20:58:27","modified_gmt":"2022-11-13T20:58:27","slug":"home-2","status":"publish","type":"page","link":"https:\/\/suntbine.md\/","title":{"rendered":"Acas\u0103"},"content":{"rendered":"\n<h3 class=\"add-separator\"><span>Post\u0103ri recente pe <em>Instagram<\/em><\/span><\/h3>\n\n<div class=\"pagination pagination-load-more\">\n<a href=\"https:\/\/www.instagram.com\/suntbinepodcast\/\" class=\"button\" target=\"_blank\" rel=\"noopener noreferrer\"><span class=\"mdi mdi-instagram\"><\/span> Urm\u0103ri\u021bi-ne pe Instagram<\/a>\n<\/div>\n","protected":false},"excerpt":{"rendered":"<p>Post\u0103ri recente pe Instagram Urm\u0103ri\u021bi-ne pe Instagram<\/p>\n<a href=\"https:\/\/suntbine.md\/\" class=\"read-more\">Read more <span class=\"mdi mdi-trending-neutral\"><\/span><\/a>","protected":false},"author":1,"featured_media":457,"parent":0,"menu_order":0,"comment_status":"closed","ping_status":"closed","template":"template-home.php","meta":{"footnotes":""},"class_list":["post-4","page","type-page","status-publish","has-post-thumbnail","hentry"],"acf":[],"yoast_head":"<!-- This site is optimized with the Yoast SEO plugin v21.3 - https:\/\/yoast.com\/wordpress\/plugins\/seo\/ -->\n<title>Acas\u0103 | Sunt Bine<\/title>\n<meta name=\"robots\" content=\"index, follow, max-snippet:-1, max-image-preview:large, max-video-preview:-1\" \/>\n<link rel=\"canonical\" href=\"https:\/\/suntbine.md\/\" \/>\n<meta property=\"og:locale\" content=\"ro_RO\" \/>\n<meta property=\"og:type\" content=\"article\" \/>\n<meta property=\"og:title\" content=\"Acas\u0103 | Sunt Bine\" \/>\n<meta property=\"og:description\" content=\"Post\u0103ri recente pe Instagram Urm\u0103ri\u021bi-ne pe Instagram\" \/>\n<meta property=\"og:url\" content=\"https:\/\/suntbine.md\/\" \/>\n<meta property=\"og:site_name\" content=\"Sunt Bine\" \/>\n<meta property=\"article:publisher\" content=\"https:\/\/www.facebook.com\/suntbinepodcast\" \/>\n<meta property=\"article:modified_time\" content=\"2022-11-13T20:58:27+00:00\" \/>\n<meta property=\"og:image\" content=\"https:\/\/suntbine.md\/wp-content\/uploads\/2020\/01\/sample-header1-.jpg\" \/>\n\t<meta property=\"og:image:width\" content=\"2700\" \/>\n\t<meta property=\"og:image:height\" content=\"1500\" \/>\n\t<meta property=\"og:image:type\" content=\"image\/jpeg\" \/>\n<meta name=\"twitter:card\" content=\"summary_large_image\" \/>\n<meta name=\"twitter:label1\" content=\"Timp estimat pentru citire\" \/>\n\t<meta name=\"twitter:data1\" content=\"1 minut\" \/>\n<script type=\"application\/ld+json\" class=\"yoast-schema-graph\">{\"@context\":\"https:\/\/schema.org\",\"@graph\":[{\"@type\":\"WebPage\",\"@id\":\"https:\/\/suntbine.md\/\",\"url\":\"https:\/\/suntbine.md\/\",\"name\":\"Acas\u0103 | Sunt Bine\",\"isPartOf\":{\"@id\":\"https:\/\/suntbine.md\/#website\"},\"datePublished\":\"2018-09-03T14:50:28+00:00\",\"dateModified\":\"2022-11-13T20:58:27+00:00\",\"breadcrumb\":{\"@id\":\"https:\/\/suntbine.md\/#breadcrumb\"},\"inLanguage\":\"ro-RO\",\"potentialAction\":[{\"@type\":\"ReadAction\",\"target\":[\"https:\/\/suntbine.md\/\"]}]},{\"@type\":\"BreadcrumbList\",\"@id\":\"https:\/\/suntbine.md\/#breadcrumb\",\"itemListElement\":[{\"@type\":\"ListItem\",\"position\":1,\"name\":\"Prima pagin\u0103\",\"item\":\"https:\/\/suntbine.md\/\"},{\"@type\":\"ListItem\",\"position\":2,\"name\":\"Acas\u0103\"}]},{\"@type\":\"WebSite\",\"@id\":\"https:\/\/suntbine.md\/#website\",\"url\":\"https:\/\/suntbine.md\/\",\"name\":\"Sunt Bine Podcast\",\"description\":\"Un podcast despre s\u0103n\u0103tatea mintal\u0103 \u00een Republica Moldova\",\"publisher\":{\"@id\":\"https:\/\/suntbine.md\/#organization\"},\"potentialAction\":[{\"@type\":\"SearchAction\",\"target\":{\"@type\":\"EntryPoint\",\"urlTemplate\":\"https:\/\/suntbine.md\/?s={search_term_string}\"},\"query-input\":\"required name=search_term_string\"}],\"inLanguage\":\"ro-RO\"},{\"@type\":\"Organization\",\"@id\":\"https:\/\/suntbine.md\/#organization\",\"name\":\"Sunt Bine Podcast\",\"url\":\"https:\/\/suntbine.md\/\",\"logo\":{\"@type\":\"ImageObject\",\"inLanguage\":\"ro-RO\",\"@id\":\"https:\/\/suntbine.md\/#\/schema\/logo\/image\/\",\"url\":\"https:\/\/suntbine.md\/wp-content\/uploads\/2020\/02\/logo2sizeok.png\",\"contentUrl\":\"https:\/\/suntbine.md\/wp-content\/uploads\/2020\/02\/logo2sizeok.png\",\"width\":493,\"height\":493,\"caption\":\"Sunt Bine Podcast\"},\"image\":{\"@id\":\"https:\/\/suntbine.md\/#\/schema\/logo\/image\/\"},\"sameAs\":[\"https:\/\/www.facebook.com\/suntbinepodcast\",\"https:\/\/www.instagram.com\/suntbinepodcast\/\",\"https:\/\/www.youtube.com\/channel\/UCq0NMj7pJmlEC76ICdCvI3w\"]}]}<\/script>\n<!-- \/ Yoast SEO plugin. -->","yoast_head_json":{"title":"Acas\u0103 | Sunt Bine","robots":{"index":"index","follow":"follow","max-snippet":"max-snippet:-1","max-image-preview":"max-image-preview:large","max-video-preview":"max-video-preview:-1"},"canonical":"https:\/\/suntbine.md\/","og_locale":"ro_RO","og_type":"article","og_title":"Acas\u0103 | Sunt Bine","og_description":"Post\u0103ri recente pe Instagram Urm\u0103ri\u021bi-ne pe Instagram","og_url":"https:\/\/suntbine.md\/","og_site_name":"Sunt Bine","article_publisher":"https:\/\/www.facebook.com\/suntbinepodcast","article_modified_time":"2022-11-13T20:58:27+00:00","og_image":[{"width":2700,"height":1500,"url":"https:\/\/suntbine.md\/wp-content\/uploads\/2020\/01\/sample-header1-.jpg","type":"image\/jpeg"}],"twitter_card":"summary_large_image","twitter_misc":{"Timp estimat pentru citire":"1 minut"},"schema":{"@context":"https:\/\/schema.org","@graph":[{"@type":"WebPage","@id":"https:\/\/suntbine.md\/","url":"https:\/\/suntbine.md\/","name":"Acas\u0103 | Sunt Bine","isPartOf":{"@id":"https:\/\/suntbine.md\/#website"},"datePublished":"2018-09-03T14:50:28+00:00","dateModified":"2022-11-13T20:58:27+00:00","breadcrumb":{"@id":"https:\/\/suntbine.md\/#breadcrumb"},"inLanguage":"ro-RO","potentialAction":[{"@type":"ReadAction","target":["https:\/\/suntbine.md\/"]}]},{"@type":"BreadcrumbList","@id":"https:\/\/suntbine.md\/#breadcrumb","itemListElement":[{"@type":"ListItem","position":1,"name":"Prima pagin\u0103","item":"https:\/\/suntbine.md\/"},{"@type":"ListItem","position":2,"name":"Acas\u0103"}]},{"@type":"WebSite","@id":"https:\/\/suntbine.md\/#website","url":"https:\/\/suntbine.md\/","name":"Sunt Bine Podcast","description":"Un podcast despre s\u0103n\u0103tatea mintal\u0103 \u00een Republica Moldova","publisher":{"@id":"https:\/\/suntbine.md\/#organization"},"potentialAction":[{"@type":"SearchAction","target":{"@type":"EntryPoint","urlTemplate":"https:\/\/suntbine.md\/?s={search_term_string}"},"query-input":"required name=search_term_string"}],"inLanguage":"ro-RO"},{"@type":"Organization","@id":"https:\/\/suntbine.md\/#organization","name":"Sunt Bine Podcast","url":"https:\/\/suntbine.md\/","logo":{"@type":"ImageObject","inLanguage":"ro-RO","@id":"https:\/\/suntbine.md\/#\/schema\/logo\/image\/","url":"https:\/\/suntbine.md\/wp-content\/uploads\/2020\/02\/logo2sizeok.png","contentUrl":"https:\/\/suntbine.md\/wp-content\/uploads\/2020\/02\/logo2sizeok.png","width":493,"height":493,"caption":"Sunt Bine Podcast"},"image":{"@id":"https:\/\/suntbine.md\/#\/schema\/logo\/image\/"},"sameAs":["https:\/\/www.facebook.com\/suntbinepodcast","https:\/\/www.instagram.com\/suntbinepodcast\/","https:\/\/www.youtube.com\/channel\/UCq0NMj7pJmlEC76ICdCvI3w"]}]}},"_links":{"self":[{"href":"https:\/\/suntbine.md\/index.php?rest_route=\/wp\/v2\/pages\/4","targetHints":{"allow":["GET"]}}],"collection":[{"href":"https:\/\/suntbine.md\/index.php?rest_route=\/wp\/v2\/pages"}],"about":[{"href":"https:\/\/suntbine.md\/index.php?rest_route=\/wp\/v2\/types\/page"}],"author":[{"embeddable":true,"href":"https:\/\/suntbine.md\/index.php?rest_route=\/wp\/v2\/users\/1"}],"replies":[{"embeddable":true,"href":"https:\/\/suntbine.md\/index.php?rest_route=%2Fwp%2Fv2%2Fcomments&post=4"}],"version-history":[{"count":3,"href":"https:\/\/suntbine.md\/index.php?rest_route=\/wp\/v2\/pages\/4\/revisions"}],"predecessor-version":[{"id":479,"href":"https:\/\/suntbine.md\/index.php?rest_route=\/wp\/v2\/pages\/4\/revisions\/479"}],"wp:featuredmedia":[{"embeddable":true,"href":"https:\/\/suntbine.md\/index.php?rest_route=\/wp\/v2\/media\/457"}],"wp:attachment":[{"href":"https:\/\/suntbine.md\/index.php?rest_route=%2Fwp%2Fv2%2Fmedia&parent=4"}],"curies":[{"name":"wp","href":"https:\/\/api.w.org\/{rel}","templated":true}]}}