{"id":495,"date":"2020-02-03T16:22:26","date_gmt":"2020-02-03T16:22:26","guid":{"rendered":"https:\/\/suntbine.md\/?page_id=495"},"modified":"2021-07-14T10:25:44","modified_gmt":"2021-07-14T10:25:44","slug":"resurse","status":"publish","type":"page","link":"https:\/\/suntbine.md\/?page_id=495","title":{"rendered":"Resurse"},"content":{"rendered":"\n<p>Aici g\u0103si\u021bi datele de contact ale tuturor centrelor comunitare de s\u0103n\u0103tate mintal\u0103 (CCSM) din Moldova. <\/p>\n\n\n\n<p>Toate centrele sunt situate \u00een incinta sau foarte aproape de policlinici.<\/p>\n\n\n\n<h4 class=\"wp-block-heading\"><strong>CCSM ANENII NOI <\/strong><\/h4>\n\n\n\n<p>Adresa: or. Anenii Noi, str. Uzinelor, 30\/1 <\/p>\n\n\n\n<p>Telefon: 0265 21274, email: ccsm.aneniinoi@ms.md<\/p>\n\n\n\n<h4 class=\"wp-block-heading\"><strong>CCSM BASARABEASCA <\/strong><\/h4>\n\n\n\n<p>Adresa: or. Basarabeasca, str. Muncii, 55<\/p>\n\n\n\n<p>Telefon: 0297 20525, email: ccsm.basarabeasca@ms.md<\/p>\n\n\n\n<h4 class=\"wp-block-heading\"><strong>CCSM BRICENI<\/strong><\/h4>\n\n\n\n<p>Adresa: or. Briceni, str. Mihai Eminescu, 48 <\/p>\n\n\n\n<p>Telefon: 0247 23685, email:\u00a0ccsm.briceni@ms.md<\/p>\n\n\n\n<h4 class=\"wp-block-heading\"><strong>CCSM B\u0102L\u021aI<\/strong>&nbsp;<\/h4>\n\n\n\n<p>Adresa: mun. B\u0103l\u021bi, str. Decebal 101V<\/p>\n\n\n\n<p>Telefon: 0231\u00a0 71011, email: ccsm.balti@ms.md<\/p>\n\n\n\n<h4 class=\"wp-block-heading\"><strong>CCSM CAHUL<\/strong>&nbsp;<\/h4>\n\n\n\n<p>Adresa: mun. Cahul, str. \u0218tefan cel Mare, 27<\/p>\n\n\n\n<p>Telefon: 0299 32709, email:\u00a0ccsm.cahul@ms.md<\/p>\n\n\n\n<h4 class=\"wp-block-heading\"><strong>CCSM CANTEMIR<\/strong><\/h4>\n\n\n\n<p>Adresa: or. Cantemir, str. N. Testemi\u021banu, 22<\/p>\n\n\n\n<p>Telefon: 0273 22462, email: ccsm.cantemir@ms.md<\/p>\n\n\n\n<h4 class=\"wp-block-heading\"><strong>CCSM C\u0102L\u0102RA\u0218I<\/strong>&nbsp;<\/h4>\n\n\n\n<p>Adresa: or. C\u0103l\u0103ra\u0219i, str. Bojole, 1<\/p>\n\n\n\n<p>Telefon: 0244 27015, email: ccsm.calarasi@ms.md<\/p>\n\n\n\n<h4 class=\"wp-block-heading\"><strong>CCSM C\u0102U\u0218ENI<\/strong><\/h4>\n\n\n\n<p>Adresa: or. C\u0103u\u0219eni, str. Ana \u0219i Alexandru, 14<\/p>\n\n\n\n<p>Telefon: 0243 26847, email: ccsm.causeni@ms.md<\/p>\n\n\n\n<h4 class=\"wp-block-heading\"><strong>CCSM CIMI\u0218LIA<\/strong>&nbsp;<\/h4>\n\n\n\n<p>Adresa: or. Cimi\u0219lia, str. Alexandru cel Bun 135A<\/p>\n\n\n\n<p>Telefon: 0241 26783, email: ccsm.cimislia@ms.md<\/p>\n\n\n\n<h4 class=\"wp-block-heading\"><strong>CCSM CRIULENI<\/strong><\/h4>\n\n\n\n<p>Adresa: or. Criuleni, str. \u0218tefan cel Mare 1<\/p>\n\n\n\n<p>Telefon: 0248 25027, email:\u00a0ccsm.criuleni@ms.md<\/p>\n\n\n\n<h4 class=\"wp-block-heading\"><strong>CCSM COMRAT<\/strong><\/h4>\n\n\n\n<p>Adresa: or. Comrat, str. Victoriei 46<\/p>\n\n\n\n<p>Telefon:\u00a00298 22855, email: ccsm.comrat@ms.md<\/p>\n\n\n\n<h4 class=\"wp-block-heading\"><strong>CCSM CEAD\u00ceR-LUNGA<\/strong><\/h4>\n\n\n\n<p>Adresa: or. Cead\u00eer-Lunga, str. Miciurin 2<\/p>\n\n\n\n<p>Telefon: 0291 24031, email: ccsm.ceadirlunga@ms.md<\/p>\n\n\n\n<h4 class=\"wp-block-heading\"><strong>CCSM DONDU\u0218ENI<\/strong>&nbsp;<\/h4>\n\n\n\n<p>Adresa: or. Dondu\u0219eni, str. Mihai Eminescu, 26\/1<\/p>\n\n\n\n<p>Telefon: 0251 21344, email: ccsm.donduseni@ms.md<\/p>\n\n\n\n<h4 class=\"wp-block-heading\"><strong>CCSM DROCHIA<\/strong><\/h4>\n\n\n\n<p>Adresa: or. Drochia, str. N. Testemi\u021banu, 4\/1<\/p>\n\n\n\n<p>Telefon: 0252 26808 \u0219i 0676 52999, email: ccsm.drochia@ms.md<\/p>\n\n\n\n<h4 class=\"wp-block-heading\"><strong>CCSM EDINE\u021a<\/strong>&nbsp;<\/h4>\n\n\n\n<p>Adresa: or. Edine\u021b, str. Independen\u021bei, 81<\/p>\n\n\n\n<p>Telefon: 0246 24967, email: ccsm.edinet@ms.md<\/p>\n\n\n\n<h4 class=\"wp-block-heading\"><strong>CCSM F\u0102LE\u0218TI<\/strong>&nbsp;<\/h4>\n\n\n\n<p>Adresa: or. F\u0103le\u0219ti, str. \u0218tefan cel Mare, 36<\/p>\n\n\n\n<p>Telefon: 0259 92717, email: ccsm.falesti@ms.md<\/p>\n\n\n\n<h4 class=\"wp-block-heading\"><strong>CCSM FLORE\u0218TI<\/strong><\/h4>\n\n\n\n<p>Adresa: or. Flore\u0219ti, str. \u0218tefan cel Mare, 37<\/p>\n\n\n\n<p>Telefon: 0250 25447, email: ccsm.floresti@ms.md<\/p>\n\n\n\n<h4 class=\"wp-block-heading\"><strong>CCSM GLODENI<\/strong>&nbsp;<\/h4>\n\n\n\n<p>Adresa: or. Glodeni, str. Tricolorului, 2<\/p>\n\n\n\n<p>Telefon: 0249 22881, email: ccsm.glodeni@ms.md<\/p>\n\n\n\n<h4 class=\"wp-block-heading\"><strong>CCSM H\u00ceNCE\u0218T<\/strong>I<\/h4>\n\n\n\n<p>Adresa: or. H\u00eence\u0219ti, str. Mihalcea H\u00eencu, 153<\/p>\n\n\n\n<p>Telefon: 0269 23447, email: ccsm.hincesti@ms.md<\/p>\n\n\n\n<h4 class=\"wp-block-heading\"><strong>CCSM IALOVENI<\/strong><\/h4>\n\n\n\n<p>Adresa: or. Ialoveni, str. Alexandru cel Bun, 7<\/p>\n\n\n\n<p>Telefon:\u00a00268 27550, email: ccsm.ialoveni@ms.md<\/p>\n\n\n\n<h4 class=\"wp-block-heading\"><strong>CCSM LEOVA<\/strong><\/h4>\n\n\n\n<p>Adresa: or. Leova, str. \u0218tefan cel Mare \u0219i Sf\u00e2nt, 63<\/p>\n\n\n\n<p>Telefon: 0263 23248 \u0219i 0263 24563, email: ccsm.leova@ms.md<\/p>\n\n\n\n<h4 class=\"wp-block-heading\"><strong>CCSM NISPORENI<\/strong>&nbsp;<\/h4>\n\n\n\n<p>Adresa: or. Nisporeni, str. Toma Ciorb\u0103, 40<\/p>\n\n\n\n<p>Telefon:\u00a00264 23472, email: ccsm.nisporeni@ms.md<\/p>\n\n\n\n<h4 class=\"wp-block-heading\"><strong>CCSM OCNI\u021aA<\/strong><\/h4>\n\n\n\n<p>Adresa: or. Ocni\u021ba, str. Independen\u021bei, 64<\/p>\n\n\n\n<p>Telefon: 0271 23425, email: ccsm.ocnita@ms.md<\/p>\n\n\n\n<h4 class=\"wp-block-heading\"><strong>CCSM ORHEI<\/strong>&nbsp;<\/h4>\n\n\n\n<p>Adresa: or. Orhei, str. Negruzzi, 85<\/p>\n\n\n\n<p>Telefon:\u00a00235 21457, email: ccsm.orhei@ms.md<\/p>\n\n\n\n<h4 class=\"wp-block-heading\"><strong>CCSM REZINA<\/strong><\/h4>\n\n\n\n<p>Adresa: or. Rezina, str. A. \u0218ciusev, 5<\/p>\n\n\n\n<p>Telefon:\u00a00254 21778, email: ccsm.rezina@ms.md<\/p>\n\n\n\n<h4 class=\"wp-block-heading\"><strong>CCSM R\u00ce\u0218CANI<\/strong><\/h4>\n\n\n\n<p>Adresa: or. R\u00ee\u0219cani, str. Independen\u021bei, 59<\/p>\n\n\n\n<p>Telefon: 0256 21360, email: ccsm.riscani@ms.md<\/p>\n\n\n\n<h4 class=\"wp-block-heading\"><strong>CCSM S\u00ceNGEREI<\/strong><\/h4>\n\n\n\n<p>Adresa: or. S\u00eengerei, str. N. Testemi\u021banu, 11<\/p>\n\n\n\n<p>Telefon: 0262 84450, email: ccsm.singerei@ms.md<\/p>\n\n\n\n<h4 class=\"wp-block-heading\"><strong>CCSM SOROCA<\/strong><\/h4>\n\n\n\n<p>Adresa: or. Soroca, str. M. Eminescu, 16<\/p>\n\n\n\n<p>Telefon: 0230 21135, email: ccsm.soroca@ms.md<\/p>\n\n\n\n<h4 class=\"wp-block-heading\"><strong>CCSM STR\u0102\u0218ENI<\/strong>&nbsp;<\/h4>\n\n\n\n<p>Adresa: or. Str\u0103\u0219eni, str. \u0218tefan cel Mare, 105<\/p>\n\n\n\n<p>Telefon:\u00a00237 22353, email: ccsm.straseni@ms.md<\/p>\n\n\n\n<h4 class=\"wp-block-heading\"><strong>CCSM \u0218OLD\u0102NE\u0218TI<\/strong>&nbsp;<\/h4>\n\n\n\n<p>Adresa: or. \u0218old\u0103ne\u0219ti, str. N. Testemi\u021banu, 11<\/p>\n\n\n\n<p>Telefon: 027225055 \u0219i 027222334, email: ccsm.soldanesti@ms.md<\/p>\n\n\n\n<h4 class=\"wp-block-heading\"><strong>CCSM \u0218TEFAN VOD\u0102<\/strong><\/h4>\n\n\n\n<p>Adresa: or. \u0218tefan Vod\u0103, str. N. Testemi\u021banu, 2<\/p>\n\n\n\n<p>Telefon: 0242 22476, email: ccsm.stefanvoda@ms.md<\/p>\n\n\n\n<h4 class=\"wp-block-heading\"><strong>CCSM TARACLIA<\/strong><\/h4>\n\n\n\n<p>Adresa: or. Taraclia, str. Kotovski, 2; <\/p>\n\n\n\n<p>Telefon: 0294 23252, email: ccsm.taraclia@ms.md<\/p>\n\n\n\n<h4 class=\"wp-block-heading\"><strong>CCSM TELENE\u0218TI<\/strong><\/h4>\n\n\n\n<p>Adresa: or. Telene\u0219ti, str. \u0218tefan cel Mare, 5<\/p>\n\n\n\n<p>Telefon:\u00a00258 22164, email: ccsm.telenesti@ms.md<\/p>\n\n\n\n<h4 class=\"wp-block-heading\"><strong>CCSM UNGHENI<\/strong>&nbsp;<\/h4>\n\n\n\n<p>Adresa: or. Ungheni, str. Roman\u0103, 27<\/p>\n\n\n\n<p>Telefon: 0236 23309, email: ccsm.ungheni@ms.md<\/p>\n\n\n\n<h4 class=\"wp-block-heading\"><strong>CCSM VULC\u0102NE\u0218TI<\/strong>&nbsp;<\/h4>\n\n\n\n<p>Adresa: or. Vulc\u0103ne\u0219ti, str. Plotnicov, 59<\/p>\n\n\n\n<p>Telefon: 0293 21946, email: ccsm.vulcanesti@ms.md<\/p>\n\n\n\n<h4 class=\"wp-block-heading\"><strong>CCSM BOTANICA (CHI\u0218IN\u0102U)<\/strong>&nbsp;<\/h4>\n\n\n\n<p>Adresa: mun. Chi\u0219in\u0103u, str. Independen\u021bei 28\/1<\/p>\n\n\n\n<p>Telefon: 022 929788, email: ccsm.botanica@ms.md, site: www.psi.md<\/p>\n\n\n\n<h4 class=\"wp-block-heading\"><strong>CCSM BUIUCANI (CHI\u0218IN\u0102U)<\/strong><\/h4>\n\n\n\n<p>Adresa: mun. Chi\u0219in\u0103u, str. Ion Creang\u0103 24<\/p>\n\n\n\n<p>Telefon: 022 741738, email: ccsm.buiucani@ms.md<\/p>\n\n\n\n<h4 class=\"wp-block-heading\"><strong>CCSM CENTRU (CHI\u0218IN\u0102U)<\/strong>&nbsp;<\/h4>\n\n\n\n<p>Adresa: mun. Chi\u0219in\u0103u, str. V. Dokuceaev 11a<\/p>\n\n\n\n<p>Telefon: 022 731440, email: ccsm.centru@ms.md<\/p>\n\n\n\n<h4 class=\"wp-block-heading\"><strong>CCSM CIOCANA (CHI\u0218IN\u0102U)<\/strong><\/h4>\n\n\n\n<p>Adresa: mun. Chi\u0219in\u0103u, str. Uzinelor 23<\/p>\n\n\n\n<p>Telefon: 022 477253, email: ccsm.ciocana@gmail.com<\/p>\n\n\n\n<h4 class=\"wp-block-heading\"><strong>CCSM R\u00ce\u0218CANI (CHI\u0218IN\u0102U)<\/strong>&nbsp;<\/h4>\n\n\n\n<p>Adresa: mun. Chi\u0219in\u0103u, str. Socoleni 19<\/p>\n\n\n\n<p> Telefon: 022 464965, email: ccsm.ciocana@ms.md <\/p>\n","protected":false},"excerpt":{"rendered":"<p>Aici g\u0103si\u021bi datele de contact ale tuturor centrelor comunitare de s\u0103n\u0103tate mintal\u0103 (CCSM) din Moldova. Toate centrele sunt situate \u00een [&hellip;]<\/p>\n<a href=\"https:\/\/suntbine.md\/?page_id=495\" class=\"read-more\">Read more <span class=\"mdi mdi-trending-neutral\"><\/span><\/a>","protected":false},"author":1,"featured_media":447,"parent":0,"menu_order":0,"comment_status":"closed","ping_status":"closed","template":"","meta":{"footnotes":""},"class_list":["post-495","page","type-page","status-publish","has-post-thumbnail","hentry"],"acf":[],"yoast_head":"<!-- This site is optimized with the Yoast SEO plugin v21.3 - https:\/\/yoast.com\/wordpress\/plugins\/seo\/ -->\n<title>Resurse | Sunt Bine<\/title>\n<meta name=\"robots\" content=\"index, follow, max-snippet:-1, max-image-preview:large, max-video-preview:-1\" \/>\n<link rel=\"canonical\" href=\"https:\/\/suntbine.md\/?page_id=495\" \/>\n<meta property=\"og:locale\" content=\"ro_RO\" \/>\n<meta property=\"og:type\" content=\"article\" \/>\n<meta property=\"og:title\" content=\"Resurse | Sunt Bine\" \/>\n<meta property=\"og:description\" content=\"Aici g\u0103si\u021bi datele de contact ale tuturor centrelor comunitare de s\u0103n\u0103tate mintal\u0103 (CCSM) din Moldova. Toate centrele sunt situate \u00een [&hellip;]\" \/>\n<meta property=\"og:url\" content=\"https:\/\/suntbine.md\/?page_id=495\" \/>\n<meta property=\"og:site_name\" content=\"Sunt Bine\" \/>\n<meta property=\"article:publisher\" content=\"https:\/\/www.facebook.com\/suntbinepodcast\" \/>\n<meta property=\"article:modified_time\" content=\"2021-07-14T10:25:44+00:00\" \/>\n<meta property=\"og:image\" content=\"https:\/\/suntbine.md\/wp-content\/uploads\/2020\/01\/cover-image-web.jpg\" \/>\n\t<meta property=\"og:image:width\" content=\"3143\" \/>\n\t<meta property=\"og:image:height\" content=\"1770\" \/>\n\t<meta property=\"og:image:type\" content=\"image\/jpeg\" \/>\n<meta name=\"twitter:card\" content=\"summary_large_image\" \/>\n<meta name=\"twitter:label1\" content=\"Timp estimat pentru citire\" \/>\n\t<meta name=\"twitter:data1\" content=\"3 minute\" \/>\n<script type=\"application\/ld+json\" class=\"yoast-schema-graph\">{\"@context\":\"https:\/\/schema.org\",\"@graph\":[{\"@type\":\"WebPage\",\"@id\":\"https:\/\/suntbine.md\/?page_id=495\",\"url\":\"https:\/\/suntbine.md\/?page_id=495\",\"name\":\"Resurse | Sunt Bine\",\"isPartOf\":{\"@id\":\"https:\/\/suntbine.md\/#website\"},\"datePublished\":\"2020-02-03T16:22:26+00:00\",\"dateModified\":\"2021-07-14T10:25:44+00:00\",\"breadcrumb\":{\"@id\":\"https:\/\/suntbine.md\/?page_id=495#breadcrumb\"},\"inLanguage\":\"ro-RO\",\"potentialAction\":[{\"@type\":\"ReadAction\",\"target\":[\"https:\/\/suntbine.md\/?page_id=495\"]}]},{\"@type\":\"BreadcrumbList\",\"@id\":\"https:\/\/suntbine.md\/?page_id=495#breadcrumb\",\"itemListElement\":[{\"@type\":\"ListItem\",\"position\":1,\"name\":\"Prima pagin\u0103\",\"item\":\"https:\/\/suntbine.md\/\"},{\"@type\":\"ListItem\",\"position\":2,\"name\":\"Resurse\"}]},{\"@type\":\"WebSite\",\"@id\":\"https:\/\/suntbine.md\/#website\",\"url\":\"https:\/\/suntbine.md\/\",\"name\":\"Sunt Bine Podcast\",\"description\":\"Un podcast despre s\u0103n\u0103tatea mintal\u0103 \u00een Republica Moldova\",\"publisher\":{\"@id\":\"https:\/\/suntbine.md\/#organization\"},\"potentialAction\":[{\"@type\":\"SearchAction\",\"target\":{\"@type\":\"EntryPoint\",\"urlTemplate\":\"https:\/\/suntbine.md\/?s={search_term_string}\"},\"query-input\":\"required name=search_term_string\"}],\"inLanguage\":\"ro-RO\"},{\"@type\":\"Organization\",\"@id\":\"https:\/\/suntbine.md\/#organization\",\"name\":\"Sunt Bine Podcast\",\"url\":\"https:\/\/suntbine.md\/\",\"logo\":{\"@type\":\"ImageObject\",\"inLanguage\":\"ro-RO\",\"@id\":\"https:\/\/suntbine.md\/#\/schema\/logo\/image\/\",\"url\":\"https:\/\/suntbine.md\/wp-content\/uploads\/2020\/02\/logo2sizeok.png\",\"contentUrl\":\"https:\/\/suntbine.md\/wp-content\/uploads\/2020\/02\/logo2sizeok.png\",\"width\":493,\"height\":493,\"caption\":\"Sunt Bine Podcast\"},\"image\":{\"@id\":\"https:\/\/suntbine.md\/#\/schema\/logo\/image\/\"},\"sameAs\":[\"https:\/\/www.facebook.com\/suntbinepodcast\",\"https:\/\/www.instagram.com\/suntbinepodcast\/\",\"https:\/\/www.youtube.com\/channel\/UCq0NMj7pJmlEC76ICdCvI3w\"]}]}<\/script>\n<!-- \/ Yoast SEO plugin. -->","yoast_head_json":{"title":"Resurse | Sunt Bine","robots":{"index":"index","follow":"follow","max-snippet":"max-snippet:-1","max-image-preview":"max-image-preview:large","max-video-preview":"max-video-preview:-1"},"canonical":"https:\/\/suntbine.md\/?page_id=495","og_locale":"ro_RO","og_type":"article","og_title":"Resurse | Sunt Bine","og_description":"Aici g\u0103si\u021bi datele de contact ale tuturor centrelor comunitare de s\u0103n\u0103tate mintal\u0103 (CCSM) din Moldova. Toate centrele sunt situate \u00een [&hellip;]","og_url":"https:\/\/suntbine.md\/?page_id=495","og_site_name":"Sunt Bine","article_publisher":"https:\/\/www.facebook.com\/suntbinepodcast","article_modified_time":"2021-07-14T10:25:44+00:00","og_image":[{"width":3143,"height":1770,"url":"https:\/\/suntbine.md\/wp-content\/uploads\/2020\/01\/cover-image-web.jpg","type":"image\/jpeg"}],"twitter_card":"summary_large_image","twitter_misc":{"Timp estimat pentru citire":"3 minute"},"schema":{"@context":"https:\/\/schema.org","@graph":[{"@type":"WebPage","@id":"https:\/\/suntbine.md\/?page_id=495","url":"https:\/\/suntbine.md\/?page_id=495","name":"Resurse | Sunt Bine","isPartOf":{"@id":"https:\/\/suntbine.md\/#website"},"datePublished":"2020-02-03T16:22:26+00:00","dateModified":"2021-07-14T10:25:44+00:00","breadcrumb":{"@id":"https:\/\/suntbine.md\/?page_id=495#breadcrumb"},"inLanguage":"ro-RO","potentialAction":[{"@type":"ReadAction","target":["https:\/\/suntbine.md\/?page_id=495"]}]},{"@type":"BreadcrumbList","@id":"https:\/\/suntbine.md\/?page_id=495#breadcrumb","itemListElement":[{"@type":"ListItem","position":1,"name":"Prima pagin\u0103","item":"https:\/\/suntbine.md\/"},{"@type":"ListItem","position":2,"name":"Resurse"}]},{"@type":"WebSite","@id":"https:\/\/suntbine.md\/#website","url":"https:\/\/suntbine.md\/","name":"Sunt Bine Podcast","description":"Un podcast despre s\u0103n\u0103tatea mintal\u0103 \u00een Republica Moldova","publisher":{"@id":"https:\/\/suntbine.md\/#organization"},"potentialAction":[{"@type":"SearchAction","target":{"@type":"EntryPoint","urlTemplate":"https:\/\/suntbine.md\/?s={search_term_string}"},"query-input":"required name=search_term_string"}],"inLanguage":"ro-RO"},{"@type":"Organization","@id":"https:\/\/suntbine.md\/#organization","name":"Sunt Bine Podcast","url":"https:\/\/suntbine.md\/","logo":{"@type":"ImageObject","inLanguage":"ro-RO","@id":"https:\/\/suntbine.md\/#\/schema\/logo\/image\/","url":"https:\/\/suntbine.md\/wp-content\/uploads\/2020\/02\/logo2sizeok.png","contentUrl":"https:\/\/suntbine.md\/wp-content\/uploads\/2020\/02\/logo2sizeok.png","width":493,"height":493,"caption":"Sunt Bine Podcast"},"image":{"@id":"https:\/\/suntbine.md\/#\/schema\/logo\/image\/"},"sameAs":["https:\/\/www.facebook.com\/suntbinepodcast","https:\/\/www.instagram.com\/suntbinepodcast\/","https:\/\/www.youtube.com\/channel\/UCq0NMj7pJmlEC76ICdCvI3w"]}]}},"_links":{"self":[{"href":"https:\/\/suntbine.md\/index.php?rest_route=\/wp\/v2\/pages\/495","targetHints":{"allow":["GET"]}}],"collection":[{"href":"https:\/\/suntbine.md\/index.php?rest_route=\/wp\/v2\/pages"}],"about":[{"href":"https:\/\/suntbine.md\/index.php?rest_route=\/wp\/v2\/types\/page"}],"author":[{"embeddable":true,"href":"https:\/\/suntbine.md\/index.php?rest_route=\/wp\/v2\/users\/1"}],"replies":[{"embeddable":true,"href":"https:\/\/suntbine.md\/index.php?rest_route=%2Fwp%2Fv2%2Fcomments&post=495"}],"version-history":[{"count":8,"href":"https:\/\/suntbine.md\/index.php?rest_route=\/wp\/v2\/pages\/495\/revisions"}],"predecessor-version":[{"id":1575,"href":"https:\/\/suntbine.md\/index.php?rest_route=\/wp\/v2\/pages\/495\/revisions\/1575"}],"wp:featuredmedia":[{"embeddable":true,"href":"https:\/\/suntbine.md\/index.php?rest_route=\/wp\/v2\/media\/447"}],"wp:attachment":[{"href":"https:\/\/suntbine.md\/index.php?rest_route=%2Fwp%2Fv2%2Fmedia&parent=495"}],"curies":[{"name":"wp","href":"https:\/\/api.w.org\/{rel}","templated":true}]}}